{"id":1094,"date":"2024-06-09T23:04:09","date_gmt":"2024-06-09T23:04:09","guid":{"rendered":"https:\/\/escolavila.com.br\/?page_id=1094"},"modified":"2025-09-03T17:49:28","modified_gmt":"2025-09-03T17:49:28","slug":"teia-curricular","status":"publish","type":"page","link":"https:\/\/escolavila.com.br\/index.php\/home\/pedagogia-ecossistemica\/teia-curricular\/","title":{"rendered":"Teia Curricular"},"content":{"rendered":"\t\t<div data-elementor-type=\"wp-page\" data-elementor-id=\"1094\" class=\"elementor elementor-1094\" data-elementor-settings=\"{&quot;ha_cmc_init_switcher&quot;:&quot;no&quot;}\" data-elementor-post-type=\"page\">\n\t\t\t\t<div class=\"elementor-element elementor-element-15ca333 e-con-full e-flex wpr-particle-no wpr-jarallax-no wpr-parallax-no wpr-sticky-section-no e-con e-parent\" data-id=\"15ca333\" data-element_type=\"container\" data-settings=\"{&quot;background_background&quot;:&quot;classic&quot;,&quot;_ha_eqh_enable&quot;:false}\">\n\t\t\t\t<\/div>\n\t\t<div class=\"elementor-element elementor-element-950eb52 e-flex e-con-boxed wpr-particle-no wpr-jarallax-no wpr-parallax-no wpr-sticky-section-no e-con e-parent\" data-id=\"950eb52\" data-element_type=\"container\" data-settings=\"{&quot;background_background&quot;:&quot;classic&quot;,&quot;_ha_eqh_enable&quot;:false}\">\n\t\t\t\t\t<div class=\"e-con-inner\">\n\t\t\t\t<div class=\"elementor-element elementor-element-7dbbf1b exad-sticky-section-no exad-glass-effect-no elementor-widget elementor-widget-heading\" data-id=\"7dbbf1b\" data-element_type=\"widget\" data-widget_type=\"heading.default\">\n\t\t\t\t<div class=\"elementor-widget-container\">\n\t\t\t\t\t<span class=\"elementor-heading-title elementor-size-default\">Teia Curricular<\/span>\t\t\t\t<\/div>\n\t\t\t\t<\/div>\n\t\t\t\t<div class=\"elementor-element elementor-element-a2ac278 elementor-widget__width-initial exad-sticky-section-no exad-glass-effect-no elementor-widget elementor-widget-text-editor\" data-id=\"a2ac278\" data-element_type=\"widget\" data-widget_type=\"text-editor.default\">\n\t\t\t\t<div class=\"elementor-widget-container\">\n\t\t\t\t\t\t\t\t\t<p>O curr\u00edculo da Pedagogia Ecossist\u00eamica extrapola o arcaico conceito de &#8220;Grade Curricular&#8221; ao propor, em seu lugar, a ideia de &#8220;Teia Curricular&#8221;, composta de tr\u00eas mapas conceituais inter-relacionados, denominados:\u00a0 1) teia da rela\u00e7\u00e3o do indiv\u00edduo com ele mesmo;\u00a0 2) teia da rela\u00e7\u00e3o do indiv\u00edduo com o meio social; e 3) teia da rela\u00e7\u00e3o do indiv\u00edduo com o meio ambiente.\u00a0<\/p><p>A Pedagogia Ecossist\u00eamica agrega a seu curr\u00edculo as aulas complementares de M\u00fasica, Artesanato, Artes Visuais, Teatro e Corpo, como oportunidade de desenvolver emo\u00e7\u00f5es, sentimentos e criatividade \u2013 virtudes necess\u00e1rias para o desenvolvimento de um ser que se sinta capaz e seguro para conquistar seu espa\u00e7o na sociedade.<\/p><p>Outras atividades que comp\u00f5em o curr\u00edculo s\u00e3o as aulas de Laborat\u00f3rio: Farm\u00e1cia Viva, Horta, Fauna, Pomar, Jardim, Sa\u00fade e Alimenta\u00e7\u00e3o, Tecnologias Alternativas e Manuten\u00e7\u00e3o. Estas aulas s\u00e3o vivenciadas e experimentadas nos diversos cen\u00e1rios de aprendizagem existentes na escola e oferecem a possibilidade de os estudantes aplicarem os conte\u00fados estudados, promovendo, assim, o aprendizado de forma transdisciplinar, interligando o fazer, o sentir e o pensar.<\/p><p>\u00a0<\/p>\t\t\t\t\t\t\t\t<\/div>\n\t\t\t\t<\/div>\n\t\t<div class=\"elementor-element elementor-element-ffbed11 e-con-full e-flex wpr-particle-no wpr-jarallax-no wpr-parallax-no wpr-sticky-section-no e-con e-child\" data-id=\"ffbed11\" data-element_type=\"container\" data-settings=\"{&quot;_ha_eqh_enable&quot;:false}\">\n\t\t\t\t<div class=\"elementor-element elementor-element-e1fc576 elementor-widget__width-initial exad-sticky-section-no exad-glass-effect-no ha-has-bg-overlay elementor-widget elementor-widget-image\" data-id=\"e1fc576\" data-element_type=\"widget\" data-widget_type=\"image.default\">\n\t\t\t\t<div class=\"elementor-widget-container\">\n\t\t\t\t\t\t\t\t\t\t\t\t\t\t\t\t<a href=\"https:\/\/escolavila.com.br\/wp-content\/uploads\/2025\/04\/TeiaCurricular-scaled.jpg\" data-elementor-open-lightbox=\"yes\" data-elementor-lightbox-title=\"TeiaCurricular\" data-e-action-hash=\"#elementor-action%3Aaction%3Dlightbox%26settings%3DeyJpZCI6NDQzOSwidXJsIjoiaHR0cHM6XC9cL2VzY29sYXZpbGEuY29tLmJyXC93cC1jb250ZW50XC91cGxvYWRzXC8yMDI1XC8wNFwvVGVpYUN1cnJpY3VsYXItc2NhbGVkLmpwZyJ9\">\n\t\t\t\t\t\t\t<img decoding=\"async\" src=\"https:\/\/escolavila.com.br\/wp-content\/uploads\/2025\/04\/TeiaCurricular-scaled.jpg\" title=\"TeiaCurricular\" alt=\"TeiaCurricular\" loading=\"lazy\" \/>\t\t\t\t\t\t\t\t<\/a>\n\t\t\t\t\t\t\t\t\t\t\t\t\t\t\t<\/div>\n\t\t\t\t<\/div>\n\t\t\t\t<div class=\"elementor-element elementor-element-db3dea6 exad-sticky-section-no exad-glass-effect-no elementor-widget elementor-widget-image\" data-id=\"db3dea6\" data-element_type=\"widget\" data-widget_type=\"image.default\">\n\t\t\t\t<div class=\"elementor-widget-container\">\n\t\t\t\t\t\t\t\t\t\t\t\t\t\t\t<img fetchpriority=\"high\" decoding=\"async\" width=\"800\" height=\"111\" src=\"https:\/\/escolavila.com.br\/wp-content\/uploads\/2024\/09\/SombraDepoimentos-1024x142.png\" class=\"attachment-large size-large wp-image-1977\" alt=\"\" srcset=\"https:\/\/escolavila.com.br\/wp-content\/uploads\/2024\/09\/SombraDepoimentos-1024x142.png 1024w, https:\/\/escolavila.com.br\/wp-content\/uploads\/2024\/09\/SombraDepoimentos-300x42.png 300w, https:\/\/escolavila.com.br\/wp-content\/uploads\/2024\/09\/SombraDepoimentos-768x106.png 768w, https:\/\/escolavila.com.br\/wp-content\/uploads\/2024\/09\/SombraDepoimentos.png 1140w\" sizes=\"(max-width: 800px) 100vw, 800px\" \/>\t\t\t\t\t\t\t\t\t\t\t\t\t\t\t<\/div>\n\t\t\t\t<\/div>\n\t\t\t\t<\/div>\n\t\t\t\t\t<\/div>\n\t\t\t\t<\/div>\n\t\t<div class=\"elementor-element elementor-element-daa779b e-con-full e-flex wpr-particle-no wpr-jarallax-no wpr-parallax-no wpr-sticky-section-no e-con e-parent\" data-id=\"daa779b\" data-element_type=\"container\" data-settings=\"{&quot;background_background&quot;:&quot;classic&quot;,&quot;_ha_eqh_enable&quot;:false}\">\n\t\t\t\t<div class=\"elementor-element elementor-element-e47e4f7 elementor-widget__width-initial elementor-arrows-position-outside elementor-pagination-position-outside exad-sticky-section-no exad-glass-effect-no elementor-widget elementor-widget-image-carousel\" data-id=\"e47e4f7\" data-element_type=\"widget\" data-settings=\"{&quot;slides_to_show&quot;:&quot;4&quot;,&quot;slides_to_scroll&quot;:&quot;1&quot;,&quot;navigation&quot;:&quot;both&quot;,&quot;autoplay&quot;:&quot;yes&quot;,&quot;pause_on_hover&quot;:&quot;yes&quot;,&quot;pause_on_interaction&quot;:&quot;yes&quot;,&quot;autoplay_speed&quot;:5000,&quot;infinite&quot;:&quot;yes&quot;,&quot;speed&quot;:500,&quot;image_spacing_custom&quot;:{&quot;unit&quot;:&quot;px&quot;,&quot;size&quot;:20,&quot;sizes&quot;:[]},&quot;image_spacing_custom_tablet&quot;:{&quot;unit&quot;:&quot;px&quot;,&quot;size&quot;:&quot;&quot;,&quot;sizes&quot;:[]},&quot;image_spacing_custom_mobile&quot;:{&quot;unit&quot;:&quot;px&quot;,&quot;size&quot;:&quot;&quot;,&quot;sizes&quot;:[]}}\" data-widget_type=\"image-carousel.default\">\n\t\t\t\t<div class=\"elementor-widget-container\">\n\t\t\t\t\t\t\t<div class=\"elementor-image-carousel-wrapper swiper\" role=\"region\" aria-roledescription=\"carousel\" aria-label=\"Carrossel de imagens\" dir=\"ltr\">\n\t\t\t<div class=\"elementor-image-carousel swiper-wrapper\" aria-live=\"off\">\n\t\t\t\t\t\t\t\t<div class=\"swiper-slide\" role=\"group\" aria-roledescription=\"slide\" aria-label=\"1 de 4\"><a data-elementor-open-lightbox=\"yes\" data-elementor-lightbox-slideshow=\"e47e4f7\" data-elementor-lightbox-title=\"teia curricular a4-05\" data-e-action-hash=\"#elementor-action%3Aaction%3Dlightbox%26settings%3DeyJpZCI6NTE2NCwidXJsIjoiaHR0cHM6XC9cL2VzY29sYXZpbGEuY29tLmJyXC93cC1jb250ZW50XC91cGxvYWRzXC8yMDI1XC8wNVwvdGVpYS1jdXJyaWN1bGFyLWE0LTA1LmpwZyIsInNsaWRlc2hvdyI6ImU0N2U0ZjcifQ%3D%3D\" href=\"https:\/\/escolavila.com.br\/wp-content\/uploads\/2025\/05\/teia-curricular-a4-05.jpg\"><figure class=\"swiper-slide-inner\"><img decoding=\"async\" class=\"swiper-slide-image\" src=\"https:\/\/escolavila.com.br\/wp-content\/uploads\/elementor\/thumbs\/teia-curricular-a4-05-r5kfkfhvefsmje2rsy1brhkiqax7x1u7jxgv6vlcaw.jpg\" alt=\"teia curricular a4-05\" \/><\/figure><\/a><\/div><div class=\"swiper-slide\" role=\"group\" aria-roledescription=\"slide\" aria-label=\"2 de 4\"><a data-elementor-open-lightbox=\"yes\" data-elementor-lightbox-slideshow=\"e47e4f7\" data-elementor-lightbox-title=\"teia curricular a4-04\" data-e-action-hash=\"#elementor-action%3Aaction%3Dlightbox%26settings%3DeyJpZCI6NTE2MywidXJsIjoiaHR0cHM6XC9cL2VzY29sYXZpbGEuY29tLmJyXC93cC1jb250ZW50XC91cGxvYWRzXC8yMDI1XC8wNVwvdGVpYS1jdXJyaWN1bGFyLWE0LTA0LmpwZyIsInNsaWRlc2hvdyI6ImU0N2U0ZjcifQ%3D%3D\" href=\"https:\/\/escolavila.com.br\/wp-content\/uploads\/2025\/05\/teia-curricular-a4-04.jpg\"><figure class=\"swiper-slide-inner\"><img decoding=\"async\" class=\"swiper-slide-image\" src=\"https:\/\/escolavila.com.br\/wp-content\/uploads\/elementor\/thumbs\/teia-curricular-a4-04-r5kfkcoctxorkk6v9etg20a4y5b49yj0jjier1pitk.jpg\" alt=\"teia curricular a4-04\" \/><\/figure><\/a><\/div><div class=\"swiper-slide\" role=\"group\" aria-roledescription=\"slide\" aria-label=\"3 de 4\"><a data-elementor-open-lightbox=\"yes\" data-elementor-lightbox-slideshow=\"e47e4f7\" data-elementor-lightbox-title=\"teia curricular a4-03\" data-e-action-hash=\"#elementor-action%3Aaction%3Dlightbox%26settings%3DeyJpZCI6NTE2MiwidXJsIjoiaHR0cHM6XC9cL2VzY29sYXZpbGEuY29tLmJyXC93cC1jb250ZW50XC91cGxvYWRzXC8yMDI1XC8wNVwvdGVpYS1jdXJyaWN1bGFyLWE0LTAzLmpwZyIsInNsaWRlc2hvdyI6ImU0N2U0ZjcifQ%3D%3D\" href=\"https:\/\/escolavila.com.br\/wp-content\/uploads\/2025\/05\/teia-curricular-a4-03.jpg\"><figure class=\"swiper-slide-inner\"><img decoding=\"async\" class=\"swiper-slide-image\" src=\"https:\/\/escolavila.com.br\/wp-content\/uploads\/elementor\/thumbs\/teia-curricular-a4-03-r5kfk9uu9fkwlqaypvlkcizr5zp0mv7tj5jyb7tpc8.jpg\" alt=\"teia curricular a4-03\" \/><\/figure><\/a><\/div><div class=\"swiper-slide\" role=\"group\" aria-roledescription=\"slide\" aria-label=\"4 de 4\"><a data-elementor-open-lightbox=\"yes\" data-elementor-lightbox-slideshow=\"e47e4f7\" data-elementor-lightbox-title=\"teia curricular a4-02\" data-e-action-hash=\"#elementor-action%3Aaction%3Dlightbox%26settings%3DeyJpZCI6NTE2MSwidXJsIjoiaHR0cHM6XC9cL2VzY29sYXZpbGEuY29tLmJyXC93cC1jb250ZW50XC91cGxvYWRzXC8yMDI1XC8wNVwvdGVpYS1jdXJyaWN1bGFyLWE0LTAyLmpwZyIsInNsaWRlc2hvdyI6ImU0N2U0ZjcifQ%3D%3D\" href=\"https:\/\/escolavila.com.br\/wp-content\/uploads\/2025\/05\/teia-curricular-a4-02.jpg\"><figure class=\"swiper-slide-inner\"><img decoding=\"async\" class=\"swiper-slide-image\" src=\"https:\/\/escolavila.com.br\/wp-content\/uploads\/elementor\/thumbs\/teia-curricular-a4-02-r5kfk63hi3frbagfbtz22jxwsg7js2sw6my0e3za14.jpg\" alt=\"teia curricular a4-02\" \/><\/figure><\/a><\/div>\t\t\t<\/div>\n\t\t\t\t\t\t\t\t\t\t\t\t<div class=\"elementor-swiper-button elementor-swiper-button-prev\" role=\"button\" tabindex=\"0\">\n\t\t\t\t\t\t<svg aria-hidden=\"true\" class=\"e-font-icon-svg e-eicon-chevron-left\" viewBox=\"0 0 1000 1000\" xmlns=\"http:\/\/www.w3.org\/2000\/svg\"><path d=\"M646 125C629 125 613 133 604 142L308 442C296 454 292 471 292 487 292 504 296 521 308 533L604 854C617 867 629 875 646 875 663 875 679 871 692 858 704 846 713 829 713 812 713 796 708 779 692 767L438 487 692 225C700 217 708 204 708 187 708 171 704 154 692 142 675 129 663 125 646 125Z\"><\/path><\/svg>\t\t\t\t\t<\/div>\n\t\t\t\t\t<div class=\"elementor-swiper-button elementor-swiper-button-next\" role=\"button\" tabindex=\"0\">\n\t\t\t\t\t\t<svg aria-hidden=\"true\" class=\"e-font-icon-svg e-eicon-chevron-right\" viewBox=\"0 0 1000 1000\" xmlns=\"http:\/\/www.w3.org\/2000\/svg\"><path d=\"M696 533C708 521 713 504 713 487 713 471 708 454 696 446L400 146C388 133 375 125 354 125 338 125 325 129 313 142 300 154 292 171 292 187 292 204 296 221 308 233L563 492 304 771C292 783 288 800 288 817 288 833 296 850 308 863 321 871 338 875 354 875 371 875 388 867 400 854L696 533Z\"><\/path><\/svg>\t\t\t\t\t<\/div>\n\t\t\t\t\n\t\t\t\t\t\t\t\t\t<div class=\"swiper-pagination\"><\/div>\n\t\t\t\t\t\t\t\t\t<\/div>\n\t\t\t\t\t\t<\/div>\n\t\t\t\t<\/div>\n\t\t\t\t<\/div>\n\t\t\t\t<\/div>\n\t\t","protected":false},"excerpt":{"rendered":"<p>Teia Curricular O curr\u00edculo da Pedagogia Ecossist\u00eamica extrapola o arcaico conceito de &#8220;Grade Curricular&#8221; ao propor, em seu lugar, a ideia de &#8220;Teia Curricular&#8221;, composta de tr\u00eas mapas conceituais inter-relacionados, denominados:\u00a0 1) teia da rela\u00e7\u00e3o do indiv\u00edduo com ele mesmo;\u00a0 2) teia da rela\u00e7\u00e3o do indiv\u00edduo com o meio social; e 3) teia da rela\u00e7\u00e3o do indiv\u00edduo com o meio ambiente.\u00a0 A Pedagogia Ecossist\u00eamica agrega a seu curr\u00edculo as aulas complementares de M\u00fasica, Artesanato, Artes Visuais, Teatro e Corpo, como oportunidade de desenvolver emo\u00e7\u00f5es, sentimentos e criatividade \u2013 virtudes necess\u00e1rias para o desenvolvimento de um ser que se sinta capaz e seguro para conquistar seu espa\u00e7o na sociedade. Outras atividades que comp\u00f5em o curr\u00edculo s\u00e3o as aulas de Laborat\u00f3rio: Farm\u00e1cia Viva, Horta, Fauna, Pomar, Jardim, Sa\u00fade e Alimenta\u00e7\u00e3o, Tecnologias Alternativas e Manuten\u00e7\u00e3o. Estas aulas s\u00e3o vivenciadas e experimentadas nos diversos cen\u00e1rios de aprendizagem existentes na escola e oferecem a possibilidade de os estudantes aplicarem os conte\u00fados estudados, promovendo, assim, o aprendizado de forma transdisciplinar, interligando o fazer, o sentir e o pensar. \u00a0<\/p>\n","protected":false},"author":1,"featured_media":0,"parent":1058,"menu_order":0,"comment_status":"closed","ping_status":"closed","template":"elementor_canvas","meta":{"_acf_changed":false,"footnotes":""},"class_list":["post-1094","page","type-page","status-publish","hentry"],"acf":[],"_links":{"self":[{"href":"https:\/\/escolavila.com.br\/index.php\/wp-json\/wp\/v2\/pages\/1094","targetHints":{"allow":["GET"]}}],"collection":[{"href":"https:\/\/escolavila.com.br\/index.php\/wp-json\/wp\/v2\/pages"}],"about":[{"href":"https:\/\/escolavila.com.br\/index.php\/wp-json\/wp\/v2\/types\/page"}],"author":[{"embeddable":true,"href":"https:\/\/escolavila.com.br\/index.php\/wp-json\/wp\/v2\/users\/1"}],"replies":[{"embeddable":true,"href":"https:\/\/escolavila.com.br\/index.php\/wp-json\/wp\/v2\/comments?post=1094"}],"version-history":[{"count":72,"href":"https:\/\/escolavila.com.br\/index.php\/wp-json\/wp\/v2\/pages\/1094\/revisions"}],"predecessor-version":[{"id":7377,"href":"https:\/\/escolavila.com.br\/index.php\/wp-json\/wp\/v2\/pages\/1094\/revisions\/7377"}],"up":[{"embeddable":true,"href":"https:\/\/escolavila.com.br\/index.php\/wp-json\/wp\/v2\/pages\/1058"}],"wp:attachment":[{"href":"https:\/\/escolavila.com.br\/index.php\/wp-json\/wp\/v2\/media?parent=1094"}],"curies":[{"name":"wp","href":"https:\/\/api.w.org\/{rel}","templated":true}]}}