{"id":1390,"date":"2024-06-10T01:45:17","date_gmt":"2024-06-10T01:45:17","guid":{"rendered":"https:\/\/escolavila.com.br\/?page_id=1390"},"modified":"2024-06-10T01:47:18","modified_gmt":"2024-06-10T01:47:18","slug":"atuacao-social","status":"publish","type":"page","link":"https:\/\/escolavila.com.br\/index.php\/home\/atuacao-social\/","title":{"rendered":"Atua\u00e7\u00e3o Social"},"content":{"rendered":"\t\t<div data-elementor-type=\"wp-page\" data-elementor-id=\"1390\" class=\"elementor elementor-1390\" data-elementor-settings=\"{&quot;ha_cmc_init_switcher&quot;:&quot;no&quot;}\" data-elementor-post-type=\"page\">\n\t\t\t\t<div class=\"elementor-element elementor-element-d2b32d2 e-con-full e-flex wpr-particle-no wpr-jarallax-no wpr-parallax-no wpr-sticky-section-no e-con e-parent\" data-id=\"d2b32d2\" data-element_type=\"container\" data-settings=\"{&quot;background_background&quot;:&quot;classic&quot;,&quot;_ha_eqh_enable&quot;:false}\">\n\t\t<div class=\"elementor-element elementor-element-bc0c492 e-con-full e-flex wpr-particle-no wpr-jarallax-no wpr-parallax-no wpr-sticky-section-no e-con e-child\" data-id=\"bc0c492\" data-element_type=\"container\" data-settings=\"{&quot;background_background&quot;:&quot;gradient&quot;,&quot;_ha_eqh_enable&quot;:false}\">\n\t\t\t\t<div class=\"elementor-element elementor-element-7aa934b exad-sticky-section-no exad-glass-effect-no elementor-widget elementor-widget-spacer\" data-id=\"7aa934b\" data-element_type=\"widget\" data-widget_type=\"spacer.default\">\n\t\t\t\t<div class=\"elementor-widget-container\">\n\t\t\t\t\t\t\t<div class=\"elementor-spacer\">\n\t\t\t<div class=\"elementor-spacer-inner\"><\/div>\n\t\t<\/div>\n\t\t\t\t\t\t<\/div>\n\t\t\t\t<\/div>\n\t\t\t\t<div class=\"elementor-element elementor-element-215dc4d elementor-widget__width-auto exad-sticky-section-no exad-glass-effect-no elementor-widget elementor-widget-image\" data-id=\"215dc4d\" data-element_type=\"widget\" data-widget_type=\"image.default\">\n\t\t\t\t<div class=\"elementor-widget-container\">\n\t\t\t\t\t\t\t\t\t\t\t\t\t\t\t<img fetchpriority=\"high\" decoding=\"async\" width=\"1543\" height=\"846\" src=\"https:\/\/escolavila.com.br\/wp-content\/uploads\/2024\/04\/logo-vila-2022.png\" class=\"attachment-full size-full wp-image-230\" alt=\"\" srcset=\"https:\/\/escolavila.com.br\/wp-content\/uploads\/2024\/04\/logo-vila-2022.png 1543w, https:\/\/escolavila.com.br\/wp-content\/uploads\/2024\/04\/logo-vila-2022-300x164.png 300w, https:\/\/escolavila.com.br\/wp-content\/uploads\/2024\/04\/logo-vila-2022-1024x561.png 1024w, https:\/\/escolavila.com.br\/wp-content\/uploads\/2024\/04\/logo-vila-2022-768x421.png 768w, https:\/\/escolavila.com.br\/wp-content\/uploads\/2024\/04\/logo-vila-2022-1536x842.png 1536w\" sizes=\"(max-width: 1543px) 100vw, 1543px\" \/>\t\t\t\t\t\t\t\t\t\t\t\t\t\t\t<\/div>\n\t\t\t\t<\/div>\n\t\t\t\t<div class=\"elementor-element elementor-element-0840079 elementor-widget__width-auto exad-sticky-section-no exad-glass-effect-no elementor-widget elementor-widget-image\" data-id=\"0840079\" data-element_type=\"widget\" data-widget_type=\"image.default\">\n\t\t\t\t<div class=\"elementor-widget-container\">\n\t\t\t\t\t\t\t\t\t\t\t\t\t\t\t<img decoding=\"async\" width=\"2000\" height=\"2000\" src=\"https:\/\/escolavila.com.br\/wp-content\/uploads\/2024\/04\/ASSINATURA-PRINCIPAL.png\" class=\"attachment-full size-full wp-image-473\" alt=\"\" srcset=\"https:\/\/escolavila.com.br\/wp-content\/uploads\/2024\/04\/ASSINATURA-PRINCIPAL.png 2000w, https:\/\/escolavila.com.br\/wp-content\/uploads\/2024\/04\/ASSINATURA-PRINCIPAL-300x300.png 300w, https:\/\/escolavila.com.br\/wp-content\/uploads\/2024\/04\/ASSINATURA-PRINCIPAL-1024x1024.png 1024w, https:\/\/escolavila.com.br\/wp-content\/uploads\/2024\/04\/ASSINATURA-PRINCIPAL-150x150.png 150w, https:\/\/escolavila.com.br\/wp-content\/uploads\/2024\/04\/ASSINATURA-PRINCIPAL-768x768.png 768w, https:\/\/escolavila.com.br\/wp-content\/uploads\/2024\/04\/ASSINATURA-PRINCIPAL-1536x1536.png 1536w\" sizes=\"(max-width: 2000px) 100vw, 2000px\" \/>\t\t\t\t\t\t\t\t\t\t\t\t\t\t\t<\/div>\n\t\t\t\t<\/div>\n\t\t\t\t<div class=\"elementor-element elementor-element-1052dcc elementor-shape-circle e-grid-align-right elementor-widget__width-inherit elementor-grid-0 exad-sticky-section-no exad-glass-effect-no elementor-widget elementor-widget-social-icons\" data-id=\"1052dcc\" data-element_type=\"widget\" data-widget_type=\"social-icons.default\">\n\t\t\t\t<div class=\"elementor-widget-container\">\n\t\t\t\t\t\t\t<div class=\"elementor-social-icons-wrapper elementor-grid\">\n\t\t\t\t\t\t\t<span class=\"elementor-grid-item\">\n\t\t\t\t\t<a class=\"elementor-icon elementor-social-icon elementor-social-icon-instagram elementor-repeater-item-44b412b\" target=\"_blank\">\n\t\t\t\t\t\t<span class=\"elementor-screen-only\">Instagram<\/span>\n\t\t\t\t\t\t<svg class=\"e-font-icon-svg e-fab-instagram\" viewBox=\"0 0 448 512\" xmlns=\"http:\/\/www.w3.org\/2000\/svg\"><path d=\"M224.1 141c-63.6 0-114.9 51.3-114.9 114.9s51.3 114.9 114.9 114.9S339 319.5 339 255.9 287.7 141 224.1 141zm0 189.6c-41.1 0-74.7-33.5-74.7-74.7s33.5-74.7 74.7-74.7 74.7 33.5 74.7 74.7-33.6 74.7-74.7 74.7zm146.4-194.3c0 14.9-12 26.8-26.8 26.8-14.9 0-26.8-12-26.8-26.8s12-26.8 26.8-26.8 26.8 12 26.8 26.8zm76.1 27.2c-1.7-35.9-9.9-67.7-36.2-93.9-26.2-26.2-58-34.4-93.9-36.2-37-2.1-147.9-2.1-184.9 0-35.8 1.7-67.6 9.9-93.9 36.1s-34.4 58-36.2 93.9c-2.1 37-2.1 147.9 0 184.9 1.7 35.9 9.9 67.7 36.2 93.9s58 34.4 93.9 36.2c37 2.1 147.9 2.1 184.9 0 35.9-1.7 67.7-9.9 93.9-36.2 26.2-26.2 34.4-58 36.2-93.9 2.1-37 2.1-147.8 0-184.8zM398.8 388c-7.8 19.6-22.9 34.7-42.6 42.6-29.5 11.7-99.5 9-132.1 9s-102.7 2.6-132.1-9c-19.6-7.8-34.7-22.9-42.6-42.6-11.7-29.5-9-99.5-9-132.1s-2.6-102.7 9-132.1c7.8-19.6 22.9-34.7 42.6-42.6 29.5-11.7 99.5-9 132.1-9s102.7-2.6 132.1 9c19.6 7.8 34.7 22.9 42.6 42.6 11.7 29.5 9 99.5 9 132.1s2.7 102.7-9 132.1z\"><\/path><\/svg>\t\t\t\t\t<\/a>\n\t\t\t\t<\/span>\n\t\t\t\t\t\t\t<span class=\"elementor-grid-item\">\n\t\t\t\t\t<a class=\"elementor-icon elementor-social-icon elementor-social-icon-facebook elementor-repeater-item-0b8ffd9\" target=\"_blank\">\n\t\t\t\t\t\t<span class=\"elementor-screen-only\">Facebook<\/span>\n\t\t\t\t\t\t<svg class=\"e-font-icon-svg e-fab-facebook\" viewBox=\"0 0 512 512\" xmlns=\"http:\/\/www.w3.org\/2000\/svg\"><path d=\"M504 256C504 119 393 8 256 8S8 119 8 256c0 123.78 90.69 226.38 209.25 245V327.69h-63V256h63v-54.64c0-62.15 37-96.48 93.67-96.48 27.14 0 55.52 4.84 55.52 4.84v61h-31.28c-30.8 0-40.41 19.12-40.41 38.73V256h68.78l-11 71.69h-57.78V501C413.31 482.38 504 379.78 504 256z\"><\/path><\/svg>\t\t\t\t\t<\/a>\n\t\t\t\t<\/span>\n\t\t\t\t\t\t\t<span class=\"elementor-grid-item\">\n\t\t\t\t\t<a class=\"elementor-icon elementor-social-icon elementor-social-icon-youtube elementor-repeater-item-39d3fdf\" target=\"_blank\">\n\t\t\t\t\t\t<span class=\"elementor-screen-only\">Youtube<\/span>\n\t\t\t\t\t\t<svg class=\"e-font-icon-svg e-fab-youtube\" viewBox=\"0 0 576 512\" xmlns=\"http:\/\/www.w3.org\/2000\/svg\"><path d=\"M549.655 124.083c-6.281-23.65-24.787-42.276-48.284-48.597C458.781 64 288 64 288 64S117.22 64 74.629 75.486c-23.497 6.322-42.003 24.947-48.284 48.597-11.412 42.867-11.412 132.305-11.412 132.305s0 89.438 11.412 132.305c6.281 23.65 24.787 41.5 48.284 47.821C117.22 448 288 448 288 448s170.78 0 213.371-11.486c23.497-6.321 42.003-24.171 48.284-47.821 11.412-42.867 11.412-132.305 11.412-132.305s0-89.438-11.412-132.305zm-317.51 213.508V175.185l142.739 81.205-142.739 81.201z\"><\/path><\/svg>\t\t\t\t\t<\/a>\n\t\t\t\t<\/span>\n\t\t\t\t\t\t\t<span class=\"elementor-grid-item\">\n\t\t\t\t\t<a class=\"elementor-icon elementor-social-icon elementor-social-icon-whatsapp elementor-repeater-item-cedab3d\" target=\"_blank\">\n\t\t\t\t\t\t<span class=\"elementor-screen-only\">Whatsapp<\/span>\n\t\t\t\t\t\t<svg class=\"e-font-icon-svg e-fab-whatsapp\" viewBox=\"0 0 448 512\" xmlns=\"http:\/\/www.w3.org\/2000\/svg\"><path d=\"M380.9 97.1C339 55.1 283.2 32 223.9 32c-122.4 0-222 99.6-222 222 0 39.1 10.2 77.3 29.6 111L0 480l117.7-30.9c32.4 17.7 68.9 27 106.1 27h.1c122.3 0 224.1-99.6 224.1-222 0-59.3-25.2-115-67.1-157zm-157 341.6c-33.2 0-65.7-8.9-94-25.7l-6.7-4-69.8 18.3L72 359.2l-4.4-7c-18.5-29.4-28.2-63.3-28.2-98.2 0-101.7 82.8-184.5 184.6-184.5 49.3 0 95.6 19.2 130.4 54.1 34.8 34.9 56.2 81.2 56.1 130.5 0 101.8-84.9 184.6-186.6 184.6zm101.2-138.2c-5.5-2.8-32.8-16.2-37.9-18-5.1-1.9-8.8-2.8-12.5 2.8-3.7 5.6-14.3 18-17.6 21.8-3.2 3.7-6.5 4.2-12 1.4-32.6-16.3-54-29.1-75.5-66-5.7-9.8 5.7-9.1 16.3-30.3 1.8-3.7.9-6.9-.5-9.7-1.4-2.8-12.5-30.1-17.1-41.2-4.5-10.8-9.1-9.3-12.5-9.5-3.2-.2-6.9-.2-10.6-.2-3.7 0-9.7 1.4-14.8 6.9-5.1 5.6-19.4 19-19.4 46.3 0 27.3 19.9 53.7 22.6 57.4 2.8 3.7 39.1 59.7 94.8 83.8 35.2 15.2 49 16.5 66.6 13.9 10.7-1.6 32.8-13.4 37.4-26.4 4.6-13 4.6-24.1 3.2-26.4-1.3-2.5-5-3.9-10.5-6.6z\"><\/path><\/svg>\t\t\t\t\t<\/a>\n\t\t\t\t<\/span>\n\t\t\t\t\t<\/div>\n\t\t\t\t\t\t<\/div>\n\t\t\t\t<\/div>\n\t\t\t\t<\/div>\n\t\t<div class=\"elementor-element elementor-element-2bc9c72 e-con-full e-flex wpr-particle-no wpr-jarallax-no wpr-parallax-no wpr-sticky-section-no e-con e-child\" data-id=\"2bc9c72\" data-element_type=\"container\" data-settings=\"{&quot;_ha_eqh_enable&quot;:false}\">\n\t\t\t\t<div class=\"elementor-element elementor-element-a67afac exad-sticky-section-no exad-glass-effect-no elementor-widget elementor-widget-spacer\" data-id=\"a67afac\" data-element_type=\"widget\" data-widget_type=\"spacer.default\">\n\t\t\t\t<div class=\"elementor-widget-container\">\n\t\t\t\t\t\t\t<div class=\"elementor-spacer\">\n\t\t\t<div class=\"elementor-spacer-inner\"><\/div>\n\t\t<\/div>\n\t\t\t\t\t\t<\/div>\n\t\t\t\t<\/div>\n\t\t\t\t<div class=\"elementor-element elementor-element-c2ca3a9 exad-sticky-section-no exad-glass-effect-no elementor-widget elementor-widget-heading\" data-id=\"c2ca3a9\" data-element_type=\"widget\" data-widget_type=\"heading.default\">\n\t\t\t\t<div class=\"elementor-widget-container\">\n\t\t\t\t\t<h2 class=\"elementor-heading-title elementor-size-default\">Atua\u00e7\u00e3o Social<\/h2>\t\t\t\t<\/div>\n\t\t\t\t<\/div>\n\t\t\t\t<div class=\"elementor-element elementor-element-ae8425a exad-sticky-section-no exad-glass-effect-no elementor-widget elementor-widget-spacer\" data-id=\"ae8425a\" data-element_type=\"widget\" data-widget_type=\"spacer.default\">\n\t\t\t\t<div class=\"elementor-widget-container\">\n\t\t\t\t\t\t\t<div class=\"elementor-spacer\">\n\t\t\t<div class=\"elementor-spacer-inner\"><\/div>\n\t\t<\/div>\n\t\t\t\t\t\t<\/div>\n\t\t\t\t<\/div>\n\t\t\t\t<\/div>\n\t\t\t\t<\/div>\n\t\t<div class=\"elementor-element elementor-element-607e352 e-con-full e-flex wpr-particle-no wpr-jarallax-no wpr-parallax-no wpr-sticky-section-no e-con e-parent\" data-id=\"607e352\" data-element_type=\"container\" data-settings=\"{&quot;background_background&quot;:&quot;classic&quot;,&quot;_ha_eqh_enable&quot;:false}\">\n\t\t\t\t<\/div>\n\t\t<div class=\"elementor-element elementor-element-d7507bc e-con-full e-flex wpr-particle-no wpr-jarallax-no wpr-parallax-no wpr-sticky-section-no e-con e-parent\" data-id=\"d7507bc\" data-element_type=\"container\" data-settings=\"{&quot;_ha_eqh_enable&quot;:false}\">\n\t\t<div class=\"elementor-element elementor-element-8549637 e-con-full e-flex wpr-particle-no wpr-jarallax-no wpr-parallax-no wpr-sticky-section-no e-con e-child\" data-id=\"8549637\" data-element_type=\"container\" data-settings=\"{&quot;_ha_eqh_enable&quot;:false}\">\n\t\t\t\t<div class=\"elementor-element elementor-element-c78b2b9 exad-sticky-section-no exad-glass-effect-no elementor-widget elementor-widget-text-editor\" data-id=\"c78b2b9\" data-element_type=\"widget\" data-widget_type=\"text-editor.default\">\n\t\t\t\t<div class=\"elementor-widget-container\">\n\t\t\t\t\t\t\t\t\t<p><span style=\"font-weight: 400;\">No decorrer de quatro d\u00e9cadas de hist\u00f3ria da Escola Vila, v\u00e1rias mobiliza\u00e7\u00f5es foram feitas em defesa do meio ambiente: pela preserva\u00e7\u00e3o de rios, lagoas e dunas; em defesa da Amaz\u00f4nia e dos povos ind\u00edgenas, contra o corte de coqueiros da Beira-mar; pela limpeza da Praia do Futuro, contra o envio de lixo radioativo de Goi\u00e2nia para Jaguaretama, no Cear\u00e1, dentre outros protestos que traziam \u00e0 tona quest\u00f5es locais.\u00a0<\/span><\/p><p><span style=\"font-weight: 400;\">Essas mobiliza\u00e7\u00f5es s\u00e3o realizadas at\u00e9 hoje por meio de manifesta\u00e7\u00f5es, passeatas e abaixo-assinados. \u00c9 o caso, por exemplo, de abaixo-assinados enviados pelos estudantes para a Organiza\u00e7\u00e3o das Na\u00e7\u00f5es Unidas (ONU) em defesa dos povos ind\u00edgenas e em prol dos Cinco Artigos para o Futuro (Campanha de Jacques Cousteau), e para o Presidente da Rep\u00fablica reivindicando a defesa da Amaz\u00f4nia e pelo desarmamento. Todas essas atividades sempre envolveram as fam\u00edlias e a comunidade.\u00a0<\/span><\/p><p><span style=\"font-weight: 400;\">Al\u00e9m das mobiliza\u00e7\u00f5es, s\u00e3o tamb\u00e9m encabe\u00e7adas campanhas e manifesta\u00e7\u00f5es de conscientiza\u00e7\u00e3o pol\u00edtica, ambiental e social, dentre outras que tangenciam a preserva\u00e7\u00e3o da vida no planeta. Campanhas sobre a gravidade e o impacto da energia nuclear, a educa\u00e7\u00e3o no tr\u00e2nsito e a economia solid\u00e1ria s\u00e3o exemplos de campanhas que mobilizaram a Escola.<\/span><\/p>\t\t\t\t\t\t\t\t<\/div>\n\t\t\t\t<\/div>\n\t\t\t\t<\/div>\n\t\t\t\t<\/div>\n\t\t\t\t<\/div>\n\t\t","protected":false},"excerpt":{"rendered":"<p>Instagram Facebook Youtube Whatsapp Atua\u00e7\u00e3o Social Home Principal Jornal Tv Vila Escola Hist\u00f3ria Profissionais Resultados Reconhecimentos Pedagogia Ecossist\u00eamica Fundamentos Teia Curricular Material Did\u00e1tico Trabalho em Grupo Ateli\u00eas e Laborat\u00f3rios Sistema de Avalia\u00e7\u00e3o Forma\u00e7\u00e3o de Profissionais Atua\u00e7\u00e3o Social Mobiliza\u00e7\u00e3o Campanhas Reciclagem Infraestrutura Acervo Imprensa Livros Certificados Congratula\u00e7\u00f5es Arquivo No decorrer de quatro d\u00e9cadas de hist\u00f3ria da Escola Vila, v\u00e1rias mobiliza\u00e7\u00f5es foram feitas em defesa do meio ambiente: pela preserva\u00e7\u00e3o de rios, lagoas e dunas; em defesa da Amaz\u00f4nia e dos povos ind\u00edgenas, contra o corte de coqueiros da Beira-mar; pela limpeza da Praia do Futuro, contra o envio de lixo radioativo de Goi\u00e2nia para Jaguaretama, no Cear\u00e1, dentre outros protestos que traziam \u00e0 tona quest\u00f5es locais.\u00a0 Essas mobiliza\u00e7\u00f5es s\u00e3o realizadas at\u00e9 hoje por meio de manifesta\u00e7\u00f5es, passeatas e abaixo-assinados. \u00c9 o caso, por exemplo, de abaixo-assinados enviados pelos estudantes para a Organiza\u00e7\u00e3o das Na\u00e7\u00f5es Unidas (ONU) em defesa dos povos ind\u00edgenas e em prol dos Cinco Artigos para o Futuro (Campanha de Jacques Cousteau), e para o Presidente da Rep\u00fablica reivindicando a defesa da Amaz\u00f4nia e pelo desarmamento. Todas essas atividades sempre envolveram as fam\u00edlias e a comunidade.\u00a0 Al\u00e9m das mobiliza\u00e7\u00f5es, s\u00e3o tamb\u00e9m encabe\u00e7adas campanhas e manifesta\u00e7\u00f5es de conscientiza\u00e7\u00e3o pol\u00edtica, ambiental e social, dentre outras que tangenciam a preserva\u00e7\u00e3o da vida no planeta. Campanhas sobre a gravidade e o impacto da energia nuclear, a educa\u00e7\u00e3o no tr\u00e2nsito e a economia solid\u00e1ria s\u00e3o exemplos de campanhas que mobilizaram a Escola.<\/p>\n","protected":false},"author":1,"featured_media":0,"parent":6,"menu_order":0,"comment_status":"closed","ping_status":"closed","template":"elementor_canvas","meta":{"_acf_changed":false,"footnotes":""},"class_list":["post-1390","page","type-page","status-publish","hentry"],"acf":[],"_links":{"self":[{"href":"https:\/\/escolavila.com.br\/index.php\/wp-json\/wp\/v2\/pages\/1390","targetHints":{"allow":["GET"]}}],"collection":[{"href":"https:\/\/escolavila.com.br\/index.php\/wp-json\/wp\/v2\/pages"}],"about":[{"href":"https:\/\/escolavila.com.br\/index.php\/wp-json\/wp\/v2\/types\/page"}],"author":[{"embeddable":true,"href":"https:\/\/escolavila.com.br\/index.php\/wp-json\/wp\/v2\/users\/1"}],"replies":[{"embeddable":true,"href":"https:\/\/escolavila.com.br\/index.php\/wp-json\/wp\/v2\/comments?post=1390"}],"version-history":[{"count":9,"href":"https:\/\/escolavila.com.br\/index.php\/wp-json\/wp\/v2\/pages\/1390\/revisions"}],"predecessor-version":[{"id":1399,"href":"https:\/\/escolavila.com.br\/index.php\/wp-json\/wp\/v2\/pages\/1390\/revisions\/1399"}],"up":[{"embeddable":true,"href":"https:\/\/escolavila.com.br\/index.php\/wp-json\/wp\/v2\/pages\/6"}],"wp:attachment":[{"href":"https:\/\/escolavila.com.br\/index.php\/wp-json\/wp\/v2\/media?parent=1390"}],"curies":[{"name":"wp","href":"https:\/\/api.w.org\/{rel}","templated":true}]}}