{"id":6275,"date":"2025-08-27T18:11:31","date_gmt":"2025-08-27T18:11:31","guid":{"rendered":"https:\/\/escolavila.com.br\/?page_id=6275"},"modified":"2025-09-01T18:43:51","modified_gmt":"2025-09-01T18:43:51","slug":"creche","status":"publish","type":"page","link":"https:\/\/escolavila.com.br\/index.php\/escola\/creche\/","title":{"rendered":"Tempo Integral"},"content":{"rendered":"\t\t<div data-elementor-type=\"wp-page\" data-elementor-id=\"6275\" class=\"elementor elementor-6275\" data-elementor-settings=\"{&quot;ha_cmc_init_switcher&quot;:&quot;no&quot;}\" data-elementor-post-type=\"page\">\n\t\t\t\t<div class=\"elementor-element elementor-element-5289108 e-con-full e-flex wpr-particle-no wpr-jarallax-no wpr-parallax-no wpr-sticky-section-no e-con e-parent\" data-id=\"5289108\" data-element_type=\"container\" data-settings=\"{&quot;background_background&quot;:&quot;classic&quot;,&quot;_ha_eqh_enable&quot;:false}\">\n\t\t\t\t<div class=\"elementor-element elementor-element-a67bcc6 exad-sticky-section-no exad-glass-effect-no elementor-widget elementor-widget-image\" data-id=\"a67bcc6\" data-element_type=\"widget\" data-widget_type=\"image.default\">\n\t\t\t\t<div class=\"elementor-widget-container\">\n\t\t\t\t\t\t\t\t\t\t\t\t\t\t\t<img fetchpriority=\"high\" decoding=\"async\" width=\"2560\" height=\"1114\" src=\"https:\/\/escolavila.com.br\/wp-content\/uploads\/2025\/09\/01022024-IMG_2388-scaled-e1756752226634.jpg\" class=\"attachment-full size-full wp-image-7127\" alt=\"\" srcset=\"https:\/\/escolavila.com.br\/wp-content\/uploads\/2025\/09\/01022024-IMG_2388-scaled-e1756752226634.jpg 2560w, https:\/\/escolavila.com.br\/wp-content\/uploads\/2025\/09\/01022024-IMG_2388-scaled-e1756752226634-300x131.jpg 300w, https:\/\/escolavila.com.br\/wp-content\/uploads\/2025\/09\/01022024-IMG_2388-scaled-e1756752226634-1024x446.jpg 1024w, https:\/\/escolavila.com.br\/wp-content\/uploads\/2025\/09\/01022024-IMG_2388-scaled-e1756752226634-768x334.jpg 768w, https:\/\/escolavila.com.br\/wp-content\/uploads\/2025\/09\/01022024-IMG_2388-scaled-e1756752226634-1536x668.jpg 1536w, https:\/\/escolavila.com.br\/wp-content\/uploads\/2025\/09\/01022024-IMG_2388-scaled-e1756752226634-2048x891.jpg 2048w\" sizes=\"(max-width: 2560px) 100vw, 2560px\" \/>\t\t\t\t\t\t\t\t\t\t\t\t\t\t\t<\/div>\n\t\t\t\t<\/div>\n\t\t\t\t<\/div>\n\t\t<div class=\"elementor-element elementor-element-99e252a e-con-full e-flex wpr-particle-no wpr-jarallax-no wpr-parallax-no wpr-sticky-section-no e-con e-parent\" data-id=\"99e252a\" data-element_type=\"container\" data-settings=\"{&quot;background_background&quot;:&quot;classic&quot;,&quot;_ha_eqh_enable&quot;:false}\">\n\t\t<div class=\"elementor-element elementor-element-dc9ff41 e-con-full e-flex wpr-particle-no wpr-jarallax-no wpr-parallax-no wpr-sticky-section-no e-con e-child\" data-id=\"dc9ff41\" data-element_type=\"container\" data-settings=\"{&quot;background_background&quot;:&quot;gradient&quot;,&quot;_ha_eqh_enable&quot;:false}\">\n\t\t<div class=\"elementor-element elementor-element-073379d e-con-full e-flex wpr-particle-no wpr-jarallax-no wpr-parallax-no wpr-sticky-section-no e-con e-child\" data-id=\"073379d\" data-element_type=\"container\" data-settings=\"{&quot;_ha_eqh_enable&quot;:false}\">\n\t\t\t\t<div class=\"elementor-element elementor-element-269ff56 exad-sticky-section-no exad-glass-effect-no elementor-widget elementor-widget-heading\" data-id=\"269ff56\" data-element_type=\"widget\" data-widget_type=\"heading.default\">\n\t\t\t\t<div class=\"elementor-widget-container\">\n\t\t\t\t\t<span class=\"elementor-heading-title elementor-size-default\">Jornada Integral e Meia Jornada<\/span>\t\t\t\t<\/div>\n\t\t\t\t<\/div>\n\t\t\t\t<\/div>\n\t\t\t\t<\/div>\n\t\t<div class=\"elementor-element elementor-element-a45f8ff e-con-full e-flex wpr-particle-no wpr-jarallax-no wpr-parallax-no wpr-sticky-section-no e-con e-child\" data-id=\"a45f8ff\" data-element_type=\"container\" data-settings=\"{&quot;background_background&quot;:&quot;slideshow&quot;,&quot;background_slideshow_gallery&quot;:[],&quot;background_slideshow_loop&quot;:&quot;yes&quot;,&quot;background_slideshow_slide_duration&quot;:5000,&quot;background_slideshow_slide_transition&quot;:&quot;fade&quot;,&quot;background_slideshow_transition_duration&quot;:500,&quot;_ha_eqh_enable&quot;:false}\">\n\t\t<div class=\"elementor-element elementor-element-3738038 e-con-full e-flex wpr-particle-no wpr-jarallax-no wpr-parallax-no wpr-sticky-section-no e-con e-child\" data-id=\"3738038\" data-element_type=\"container\" data-settings=\"{&quot;_ha_eqh_enable&quot;:false}\">\n\t\t\t\t<div class=\"elementor-element elementor-element-8289890 exad-sticky-section-no exad-glass-effect-no elementor-widget elementor-widget-image\" data-id=\"8289890\" data-element_type=\"widget\" data-widget_type=\"image.default\">\n\t\t\t\t<div class=\"elementor-widget-container\">\n\t\t\t\t\t\t\t\t\t\t\t\t\t\t\t<img decoding=\"async\" src=\"https:\/\/escolavila.com.br\/wp-content\/uploads\/elementor\/thumbs\/05042016-20160331-_MG_4877-scaled-razfww1hifeezjde2khz0sshg4jqgmaqq16v4u0t7e.jpg\" title=\"05042016-20160331-_MG_4877\" alt=\"05042016-20160331-_MG_4877\" loading=\"lazy\" \/>\t\t\t\t\t\t\t\t\t\t\t\t\t\t\t<\/div>\n\t\t\t\t<\/div>\n\t\t\t\t<div class=\"elementor-element elementor-element-79c258f exad-sticky-section-no exad-glass-effect-no elementor-widget elementor-widget-image\" data-id=\"79c258f\" data-element_type=\"widget\" data-widget_type=\"image.default\">\n\t\t\t\t<div class=\"elementor-widget-container\">\n\t\t\t\t\t\t\t\t\t\t\t\t\t\t\t<img decoding=\"async\" src=\"https:\/\/escolavila.com.br\/wp-content\/uploads\/elementor\/thumbs\/8-1-scaled-razakavx8frg7r46nbls5ecju1sdd5qlkt9fbvko3m.jpg\" title=\"8\" alt=\"8\" loading=\"lazy\" \/>\t\t\t\t\t\t\t\t\t\t\t\t\t\t\t<\/div>\n\t\t\t\t<\/div>\n\t\t\t\t<\/div>\n\t\t\t\t<div class=\"elementor-element elementor-element-b433e2c elementor-widget__width-initial elementor-widget-mobile__width-inherit exad-sticky-section-no exad-glass-effect-no ha-has-bg-overlay elementor-widget elementor-widget-text-editor\" data-id=\"b433e2c\" data-element_type=\"widget\" data-widget_type=\"text-editor.default\">\n\t\t\t\t<div class=\"elementor-widget-container\">\n\t\t\t\t\t\t\t\t\t<h2><strong>Rotina Di\u00e1ria: <\/strong><\/h2><p data-start=\"117\" data-end=\"263\">Ap\u00f3s encerradas as atividades curriculares dos estudantes no per\u00edodo da manh\u00e3, damos in\u00edcio \u00e0s atividades da Meia Jornada e da Jornada Integral.<\/p><p data-start=\"265\" data-end=\"420\">Os estudantes matriculados na Meia Jornada ficam para o almo\u00e7o, permanecendo na escola at\u00e9 13h, enquanto os da Jornada Integral permanecem at\u00e9 \u00e0s 18h.<\/p><p data-start=\"422\" data-end=\"703\">As atividades j\u00e1 se iniciam nos momentos de conviv\u00eancia que antecedem o almo\u00e7o. Para os que n\u00e3o dispensam uma soneca ap\u00f3s a refei\u00e7\u00e3o, contamos com um espa\u00e7o relaxante para o descanso. J\u00e1 para aqueles que n\u00e3o dormem, esse \u00e9 o momento de brincadeiras livres nas salas e no quintal.<\/p><p data-start=\"705\" data-end=\"981\">Em seguida, acontece o momento do estudo, sempre no mesmo hor\u00e1rio, criando o h\u00e1bito de realizar as tarefas de casa. Ap\u00f3s a conclus\u00e3o das tarefas, os estudantes participam de atividades como futsal, nata\u00e7\u00e3o, artesanato e culin\u00e1ria, oferecidas como parte do servi\u00e7o da creche.<\/p>\t\t\t\t\t\t\t\t<\/div>\n\t\t\t\t<\/div>\n\t\t\t\t<\/div>\n\t\t<div class=\"elementor-element elementor-element-9b761c0 e-con-full e-flex wpr-particle-no wpr-jarallax-no wpr-parallax-no wpr-sticky-section-no e-con e-child\" data-id=\"9b761c0\" data-element_type=\"container\" data-settings=\"{&quot;_ha_eqh_enable&quot;:false}\">\n\t\t\t\t<div class=\"elementor-element elementor-element-452649a exad-sticky-section-no exad-glass-effect-no elementor-widget elementor-widget-image\" data-id=\"452649a\" data-element_type=\"widget\" data-widget_type=\"image.default\">\n\t\t\t\t<div class=\"elementor-widget-container\">\n\t\t\t\t\t\t\t\t\t\t\t\t\t\t\t<img decoding=\"async\" src=\"https:\/\/escolavila.com.br\/wp-content\/uploads\/elementor\/thumbs\/7-1-scaled-razaijx8scz7v1xd1n6fqxdxtmu6tgcmarxy0zg07c.jpg\" title=\"7\" alt=\"7\" loading=\"lazy\" \/>\t\t\t\t\t\t\t\t\t\t\t\t\t\t\t<\/div>\n\t\t\t\t<\/div>\n\t\t\t\t<div class=\"elementor-element elementor-element-3351725 exad-sticky-section-no exad-glass-effect-no elementor-widget elementor-widget-image\" data-id=\"3351725\" data-element_type=\"widget\" data-widget_type=\"image.default\">\n\t\t\t\t<div class=\"elementor-widget-container\">\n\t\t\t\t\t\t\t\t\t\t\t\t\t\t\t<img decoding=\"async\" src=\"https:\/\/escolavila.com.br\/wp-content\/uploads\/elementor\/thumbs\/3-3-scaled-razaewbu7jz2pn8ie2ao1ulenousvtu74olyu8v4eg.jpg\" title=\"3\" alt=\"3\" loading=\"lazy\" \/>\t\t\t\t\t\t\t\t\t\t\t\t\t\t\t<\/div>\n\t\t\t\t<\/div>\n\t\t\t\t<div class=\"elementor-element elementor-element-66a18a1 exad-sticky-section-no exad-glass-effect-no elementor-widget elementor-widget-image\" data-id=\"66a18a1\" data-element_type=\"widget\" data-widget_type=\"image.default\">\n\t\t\t\t<div class=\"elementor-widget-container\">\n\t\t\t\t\t\t\t\t\t\t\t\t\t\t\t<img decoding=\"async\" src=\"https:\/\/escolavila.com.br\/wp-content\/uploads\/elementor\/thumbs\/5-2-scaled-razalw8l35jx552lj36om30xuyd66pm9fbg3gehm36.jpg\" title=\"5\" alt=\"5\" loading=\"lazy\" \/>\t\t\t\t\t\t\t\t\t\t\t\t\t\t\t<\/div>\n\t\t\t\t<\/div>\n\t\t\t\t<\/div>\n\t\t<div class=\"elementor-element elementor-element-1f39faf e-con-full e-flex wpr-particle-no wpr-jarallax-no wpr-parallax-no wpr-sticky-section-no e-con e-child\" data-id=\"1f39faf\" data-element_type=\"container\" data-settings=\"{&quot;background_background&quot;:&quot;slideshow&quot;,&quot;background_slideshow_gallery&quot;:[],&quot;background_slideshow_loop&quot;:&quot;yes&quot;,&quot;background_slideshow_slide_duration&quot;:5000,&quot;background_slideshow_slide_transition&quot;:&quot;fade&quot;,&quot;background_slideshow_transition_duration&quot;:500,&quot;_ha_eqh_enable&quot;:false}\">\n\t\t<div class=\"elementor-element elementor-element-d7c315c e-con-full e-flex wpr-particle-no wpr-jarallax-no wpr-parallax-no wpr-sticky-section-no e-con e-child\" data-id=\"d7c315c\" data-element_type=\"container\" data-settings=\"{&quot;_ha_eqh_enable&quot;:false}\">\n\t\t\t\t<div class=\"elementor-element elementor-element-ab1848c exad-sticky-section-no exad-glass-effect-no elementor-widget elementor-widget-image\" data-id=\"ab1848c\" data-element_type=\"widget\" data-widget_type=\"image.default\">\n\t\t\t\t<div class=\"elementor-widget-container\">\n\t\t\t\t\t\t\t\t\t\t\t\t\t\t\t<img decoding=\"async\" width=\"800\" height=\"534\" src=\"https:\/\/escolavila.com.br\/wp-content\/uploads\/2025\/08\/1-5-1024x683.jpg\" class=\"attachment-large size-large wp-image-6860\" alt=\"\" srcset=\"https:\/\/escolavila.com.br\/wp-content\/uploads\/2025\/08\/1-5-1024x683.jpg 1024w, https:\/\/escolavila.com.br\/wp-content\/uploads\/2025\/08\/1-5-300x200.jpg 300w, https:\/\/escolavila.com.br\/wp-content\/uploads\/2025\/08\/1-5-768x512.jpg 768w, https:\/\/escolavila.com.br\/wp-content\/uploads\/2025\/08\/1-5-1536x1024.jpg 1536w, https:\/\/escolavila.com.br\/wp-content\/uploads\/2025\/08\/1-5-2048x1365.jpg 2048w\" sizes=\"(max-width: 800px) 100vw, 800px\" \/>\t\t\t\t\t\t\t\t\t\t\t\t\t\t\t<\/div>\n\t\t\t\t<\/div>\n\t\t\t\t<\/div>\n\t\t\t\t<div class=\"elementor-element elementor-element-85d829f elementor-widget__width-initial elementor-widget-mobile__width-inherit exad-sticky-section-no exad-glass-effect-no ha-has-bg-overlay elementor-widget elementor-widget-text-editor\" data-id=\"85d829f\" data-element_type=\"widget\" data-widget_type=\"text-editor.default\">\n\t\t\t\t<div class=\"elementor-widget-container\">\n\t\t\t\t\t\t\t\t\t<h2><strong>ATIVIDADES L\u00daDICO-PEDAG\u00d3GICAS: <\/strong><\/h2><p>As atividades recreativas no quintal e nos demais espa\u00e7os acontecem ap\u00f3s as tarefas e podem ser tanto livres quanto orientadas. Entre as op\u00e7\u00f5es est\u00e3o artesanato, culin\u00e1ria, desenho, pintura, jogos, din\u00e2micas de grupo, dramatiza\u00e7\u00f5es, dan\u00e7a, oficinas, brincadeiras, confec\u00e7\u00e3o de brinquedos.<\/p>\t\t\t\t\t\t\t\t<\/div>\n\t\t\t\t<\/div>\n\t\t\t\t<\/div>\n\t\t<div class=\"elementor-element elementor-element-25c2f37 e-con-full e-flex wpr-particle-no wpr-jarallax-no wpr-parallax-no wpr-sticky-section-no e-con e-child\" data-id=\"25c2f37\" data-element_type=\"container\" data-settings=\"{&quot;background_background&quot;:&quot;slideshow&quot;,&quot;background_slideshow_gallery&quot;:[],&quot;background_slideshow_loop&quot;:&quot;yes&quot;,&quot;background_slideshow_slide_duration&quot;:5000,&quot;background_slideshow_slide_transition&quot;:&quot;fade&quot;,&quot;background_slideshow_transition_duration&quot;:500,&quot;_ha_eqh_enable&quot;:false}\">\n\t\t\t\t<div class=\"elementor-element elementor-element-435e93d elementor-widget__width-initial exad-sticky-section-no exad-glass-effect-no elementor-widget elementor-widget-text-editor\" data-id=\"435e93d\" data-element_type=\"widget\" data-widget_type=\"text-editor.default\">\n\t\t\t\t<div class=\"elementor-widget-container\">\n\t\t\t\t\t\t\t\t\t<h1>ATIVIDADES COMPLEMENTARES<\/h1><h1>(Jornada integral)<\/h1>\t\t\t\t\t\t\t\t<\/div>\n\t\t\t\t<\/div>\n\t\t\t\t<\/div>\n\t\t\t\t<div class=\"elementor-element elementor-element-ad24d78 elementor-widget__width-initial elementor-widget-mobile__width-inherit exad-sticky-section-no exad-glass-effect-no ha-has-bg-overlay elementor-widget elementor-widget-text-editor\" data-id=\"ad24d78\" data-element_type=\"widget\" data-widget_type=\"text-editor.default\">\n\t\t\t\t<div class=\"elementor-widget-container\">\n\t\t\t\t\t\t\t\t\t<h1><strong>TER\u00c7A<\/strong><\/h1><p>Futsal e Ballet<\/p><hr \/>\t\t\t\t\t\t\t\t<\/div>\n\t\t\t\t<\/div>\n\t\t\t\t<div class=\"elementor-element elementor-element-106a433 elementor-widget-divider--view-line exad-sticky-section-no exad-glass-effect-no elementor-widget elementor-widget-divider\" data-id=\"106a433\" data-element_type=\"widget\" data-widget_type=\"divider.default\">\n\t\t\t\t<div class=\"elementor-widget-container\">\n\t\t\t\t\t\t\t<div class=\"elementor-divider\">\n\t\t\t<span class=\"elementor-divider-separator\">\n\t\t\t\t\t\t<\/span>\n\t\t<\/div>\n\t\t\t\t\t\t<\/div>\n\t\t\t\t<\/div>\n\t\t\t\t<div class=\"elementor-element elementor-element-202b29a elementor-widget__width-initial elementor-widget-mobile__width-inherit exad-sticky-section-no exad-glass-effect-no ha-has-bg-overlay elementor-widget elementor-widget-text-editor\" data-id=\"202b29a\" data-element_type=\"widget\" data-widget_type=\"text-editor.default\">\n\t\t\t\t<div class=\"elementor-widget-container\">\n\t\t\t\t\t\t\t\t\t<h1><strong>SEGUNDA E QUARTA<\/strong><\/h1><p>Nata\u00e7\u00e3o<\/p>\t\t\t\t\t\t\t\t<\/div>\n\t\t\t\t<\/div>\n\t\t\t\t<div class=\"elementor-element elementor-element-f1872ce elementor-widget-divider--view-line exad-sticky-section-no exad-glass-effect-no elementor-widget elementor-widget-divider\" data-id=\"f1872ce\" data-element_type=\"widget\" data-widget_type=\"divider.default\">\n\t\t\t\t<div class=\"elementor-widget-container\">\n\t\t\t\t\t\t\t<div class=\"elementor-divider\">\n\t\t\t<span class=\"elementor-divider-separator\">\n\t\t\t\t\t\t<\/span>\n\t\t<\/div>\n\t\t\t\t\t\t<\/div>\n\t\t\t\t<\/div>\n\t\t\t\t<div class=\"elementor-element elementor-element-d61d426 elementor-widget__width-initial elementor-widget-mobile__width-inherit exad-sticky-section-no exad-glass-effect-no ha-has-bg-overlay elementor-widget elementor-widget-text-editor\" data-id=\"d61d426\" data-element_type=\"widget\" data-widget_type=\"text-editor.default\">\n\t\t\t\t<div class=\"elementor-widget-container\">\n\t\t\t\t\t\t\t\t\t<h1><strong>QUINTA<\/strong><\/h1><p>Capoeira<\/p>\t\t\t\t\t\t\t\t<\/div>\n\t\t\t\t<\/div>\n\t\t<div class=\"elementor-element elementor-element-180e304 e-con-full e-flex wpr-particle-no wpr-jarallax-no wpr-parallax-no wpr-sticky-section-no e-con e-child\" data-id=\"180e304\" data-element_type=\"container\" data-settings=\"{&quot;background_background&quot;:&quot;slideshow&quot;,&quot;background_slideshow_gallery&quot;:[],&quot;background_slideshow_loop&quot;:&quot;yes&quot;,&quot;background_slideshow_slide_duration&quot;:5000,&quot;background_slideshow_slide_transition&quot;:&quot;fade&quot;,&quot;background_slideshow_transition_duration&quot;:500,&quot;_ha_eqh_enable&quot;:false}\">\n\t\t\t\t<div class=\"elementor-element elementor-element-c2be0ba elementor-widget__width-initial exad-sticky-section-no exad-glass-effect-no elementor-widget elementor-widget-text-editor\" data-id=\"c2be0ba\" data-element_type=\"widget\" data-widget_type=\"text-editor.default\">\n\t\t\t\t<div class=\"elementor-widget-container\">\n\t\t\t\t\t\t\t\t\t<h3><strong>Hor\u00e1rios<\/strong><\/h3><p>MEIA JORNADA <strong>07h<\/strong> \u00e0s <strong>13h<\/strong><\/p><p>JORNADA INTEGRAL <strong>07h<\/strong> \u00e0s <strong>18h<\/strong><\/p>\t\t\t\t\t\t\t\t<\/div>\n\t\t\t\t<\/div>\n\t\t\t\t<\/div>\n\t\t<div class=\"elementor-element elementor-element-98bbc98 e-con-full e-flex wpr-particle-no wpr-jarallax-no wpr-parallax-no wpr-sticky-section-no e-con e-child\" data-id=\"98bbc98\" data-element_type=\"container\" data-settings=\"{&quot;_ha_eqh_enable&quot;:false}\">\n\t\t\t\t<\/div>\n\t\t\t\t<\/div>\n\t\t<div class=\"elementor-element elementor-element-bd7b260 e-flex e-con-boxed wpr-particle-no wpr-jarallax-no wpr-parallax-no wpr-sticky-section-no e-con e-parent\" data-id=\"bd7b260\" data-element_type=\"container\" data-settings=\"{&quot;_ha_eqh_enable&quot;:false}\">\n\t\t\t\t\t<div class=\"e-con-inner\">\n\t\t\t\t\t<\/div>\n\t\t\t\t<\/div>\n\t\t\t\t<\/div>\n\t\t","protected":false},"excerpt":{"rendered":"<p>Jornada Integral e Meia Jornada Rotina Di\u00e1ria: Ap\u00f3s encerradas as atividades curriculares dos estudantes no per\u00edodo da manh\u00e3, damos in\u00edcio \u00e0s atividades da Meia Jornada e da Jornada Integral. Os estudantes matriculados na Meia Jornada ficam para o almo\u00e7o, permanecendo na escola at\u00e9 13h, enquanto os da Jornada Integral permanecem at\u00e9 \u00e0s 18h. As atividades j\u00e1 se iniciam nos momentos de conviv\u00eancia que antecedem o almo\u00e7o. Para os que n\u00e3o dispensam uma soneca ap\u00f3s a refei\u00e7\u00e3o, contamos com um espa\u00e7o relaxante para o descanso. J\u00e1 para aqueles que n\u00e3o dormem, esse \u00e9 o momento de brincadeiras livres nas salas e no quintal. Em seguida, acontece o momento do estudo, sempre no mesmo hor\u00e1rio, criando o h\u00e1bito de realizar as tarefas de casa. Ap\u00f3s a conclus\u00e3o das tarefas, os estudantes participam de atividades como futsal, nata\u00e7\u00e3o, artesanato e culin\u00e1ria, oferecidas como parte do servi\u00e7o da creche. ATIVIDADES L\u00daDICO-PEDAG\u00d3GICAS: As atividades recreativas no quintal e nos demais espa\u00e7os acontecem ap\u00f3s as tarefas e podem ser tanto livres quanto orientadas. Entre as op\u00e7\u00f5es est\u00e3o artesanato, culin\u00e1ria, desenho, pintura, jogos, din\u00e2micas de grupo, dramatiza\u00e7\u00f5es, dan\u00e7a, oficinas, brincadeiras, confec\u00e7\u00e3o de brinquedos. ATIVIDADES COMPLEMENTARES (Jornada integral) TER\u00c7A Futsal e Ballet SEGUNDA E QUARTA Nata\u00e7\u00e3o QUINTA Capoeira Hor\u00e1rios MEIA JORNADA 07h \u00e0s 13h JORNADA INTEGRAL 07h \u00e0s 18h<\/p>\n","protected":false},"author":4,"featured_media":0,"parent":3051,"menu_order":0,"comment_status":"closed","ping_status":"closed","template":"elementor_header_footer","meta":{"_acf_changed":false,"footnotes":""},"class_list":["post-6275","page","type-page","status-publish","hentry"],"acf":[],"_links":{"self":[{"href":"https:\/\/escolavila.com.br\/index.php\/wp-json\/wp\/v2\/pages\/6275","targetHints":{"allow":["GET"]}}],"collection":[{"href":"https:\/\/escolavila.com.br\/index.php\/wp-json\/wp\/v2\/pages"}],"about":[{"href":"https:\/\/escolavila.com.br\/index.php\/wp-json\/wp\/v2\/types\/page"}],"author":[{"embeddable":true,"href":"https:\/\/escolavila.com.br\/index.php\/wp-json\/wp\/v2\/users\/4"}],"replies":[{"embeddable":true,"href":"https:\/\/escolavila.com.br\/index.php\/wp-json\/wp\/v2\/comments?post=6275"}],"version-history":[{"count":62,"href":"https:\/\/escolavila.com.br\/index.php\/wp-json\/wp\/v2\/pages\/6275\/revisions"}],"predecessor-version":[{"id":7133,"href":"https:\/\/escolavila.com.br\/index.php\/wp-json\/wp\/v2\/pages\/6275\/revisions\/7133"}],"up":[{"embeddable":true,"href":"https:\/\/escolavila.com.br\/index.php\/wp-json\/wp\/v2\/pages\/3051"}],"wp:attachment":[{"href":"https:\/\/escolavila.com.br\/index.php\/wp-json\/wp\/v2\/media?parent=6275"}],"curies":[{"name":"wp","href":"https:\/\/api.w.org\/{rel}","templated":true}]}}