{"id":6995,"date":"2025-09-01T16:28:40","date_gmt":"2025-09-01T16:28:40","guid":{"rendered":"https:\/\/escolavila.com.br\/?page_id=6995"},"modified":"2025-09-05T13:43:48","modified_gmt":"2025-09-05T13:43:48","slug":"passeios-dos-projetos","status":"publish","type":"page","link":"https:\/\/escolavila.com.br\/index.php\/passeios-dos-projetos\/","title":{"rendered":"\u2014 Passeios dos Projetos"},"content":{"rendered":"\t\t<div data-elementor-type=\"wp-page\" data-elementor-id=\"6995\" class=\"elementor elementor-6995\" data-elementor-settings=\"{&quot;ha_cmc_init_switcher&quot;:&quot;no&quot;}\" data-elementor-post-type=\"page\">\n\t\t\t\t<div class=\"elementor-element elementor-element-1b606f09 e-con-full e-flex wpr-particle-no wpr-jarallax-no wpr-parallax-no wpr-sticky-section-no e-con e-parent\" data-id=\"1b606f09\" data-element_type=\"container\" data-settings=\"{&quot;background_background&quot;:&quot;classic&quot;,&quot;_ha_eqh_enable&quot;:false}\">\n\t\t\t\t<\/div>\n\t\t<div class=\"elementor-element elementor-element-0b8e166 e-flex e-con-boxed wpr-particle-no wpr-jarallax-no wpr-parallax-no wpr-sticky-section-no e-con e-parent\" data-id=\"0b8e166\" data-element_type=\"container\" data-settings=\"{&quot;background_background&quot;:&quot;classic&quot;,&quot;_ha_eqh_enable&quot;:false}\">\n\t\t\t\t\t<div class=\"e-con-inner\">\n\t\t<div class=\"elementor-element elementor-element-354b98f e-con-full e-flex wpr-particle-no wpr-jarallax-no wpr-parallax-no wpr-sticky-section-no e-con e-child\" data-id=\"354b98f\" data-element_type=\"container\" data-settings=\"{&quot;_ha_eqh_enable&quot;:false}\">\n\t\t<div class=\"elementor-element elementor-element-f9304fc e-con-full e-flex wpr-particle-no wpr-jarallax-no wpr-parallax-no wpr-sticky-section-no e-con e-child\" data-id=\"f9304fc\" data-element_type=\"container\" data-settings=\"{&quot;_ha_eqh_enable&quot;:false}\">\n\t\t\t\t<div class=\"elementor-element elementor-element-0aedac2 exad-sticky-section-no exad-glass-effect-no elementor-widget elementor-widget-heading\" data-id=\"0aedac2\" data-element_type=\"widget\" data-widget_type=\"heading.default\">\n\t\t\t\t<div class=\"elementor-widget-container\">\n\t\t\t\t\t<span class=\"elementor-heading-title elementor-size-default\">Passeios dos Projetos<\/span>\t\t\t\t<\/div>\n\t\t\t\t<\/div>\n\t\t\t\t<\/div>\n\t\t\t\t<\/div>\n\t\t\t\t<div class=\"elementor-element elementor-element-a95a231 elementor-widget__width-initial elementor-widget-mobile__width-inherit exad-sticky-section-no exad-glass-effect-no elementor-widget elementor-widget-text-editor\" data-id=\"a95a231\" data-element_type=\"widget\" data-widget_type=\"text-editor.default\">\n\t\t\t\t<div class=\"elementor-widget-container\">\n\t\t\t\t\t\t\t\t\t<p>De acordo com o tema de cada projeto, A Cole\u00e7\u00e3o Cuidando do Planeta Terra prop\u00f5e<br \/>como uma das tarefas, visitas \u00e0s institui\u00e7\u00f5es de idosos, creches comunit\u00e1rias, \u00e1reas de<br \/>preserva\u00e7\u00f5es, parques, dunas, comunidades ind\u00edgenas e quilombolas.<\/p>\t\t\t\t\t\t\t\t<\/div>\n\t\t\t\t<\/div>\n\t\t\t\t\t<\/div>\n\t\t\t\t<\/div>\n\t\t<div class=\"elementor-element elementor-element-cd07f35 e-con-full manifestacao e-flex wpr-particle-no wpr-jarallax-no wpr-parallax-no wpr-sticky-section-no e-con e-child\" data-id=\"cd07f35\" data-element_type=\"container\" id=\"manifestacao\" data-settings=\"{&quot;background_background&quot;:&quot;classic&quot;,&quot;_ha_eqh_enable&quot;:false}\">\n\t\t<div class=\"elementor-element elementor-element-f1ffd11 e-con-full e-flex wpr-particle-no wpr-jarallax-no wpr-parallax-no wpr-sticky-section-no e-con e-child\" data-id=\"f1ffd11\" data-element_type=\"container\" data-settings=\"{&quot;_ha_eqh_enable&quot;:false}\">\n\t\t\t\t<div class=\"elementor-element elementor-element-769ce2b1 elementor-widget__width-initial elementor-widget-mobile__width-inherit exad-sticky-section-no exad-glass-effect-no elementor-widget elementor-widget-text-editor\" data-id=\"769ce2b1\" data-element_type=\"widget\" data-widget_type=\"text-editor.default\">\n\t\t\t\t<div class=\"elementor-widget-container\">\n\t\t\t\t\t\t\t\t\t<p>Nestes locais os estudantes t\u00eam a oportunidade de conhecer novos espa\u00e7os da sua cidade e a realidade das pessoas em outro contexto social. Os estudantes pesquisam e fazem entrevistas. Depois do passeio, devem apresentar para sua turma o que descobriram e aprenderam nas visitas.<\/p>\t\t\t\t\t\t\t\t<\/div>\n\t\t\t\t<\/div>\n\t\t\t\t<\/div>\n\t\t<div class=\"elementor-element elementor-element-74736d9 e-con-full e-flex wpr-particle-no wpr-jarallax-no wpr-parallax-no wpr-sticky-section-no e-con e-child\" data-id=\"74736d9\" data-element_type=\"container\" data-settings=\"{&quot;_ha_eqh_enable&quot;:false}\">\n\t\t\t\t<div class=\"elementor-element elementor-element-2980125 elementor-arrows-position-outside elementor-widget__width-initial elementor-pagination-position-outside exad-sticky-section-no exad-glass-effect-no elementor-widget elementor-widget-image-carousel\" data-id=\"2980125\" data-element_type=\"widget\" data-settings=\"{&quot;slides_to_show&quot;:&quot;3&quot;,&quot;navigation&quot;:&quot;both&quot;,&quot;autoplay&quot;:&quot;yes&quot;,&quot;pause_on_hover&quot;:&quot;yes&quot;,&quot;pause_on_interaction&quot;:&quot;yes&quot;,&quot;autoplay_speed&quot;:5000,&quot;infinite&quot;:&quot;yes&quot;,&quot;speed&quot;:500,&quot;image_spacing_custom&quot;:{&quot;unit&quot;:&quot;px&quot;,&quot;size&quot;:20,&quot;sizes&quot;:[]},&quot;image_spacing_custom_tablet&quot;:{&quot;unit&quot;:&quot;px&quot;,&quot;size&quot;:&quot;&quot;,&quot;sizes&quot;:[]},&quot;image_spacing_custom_mobile&quot;:{&quot;unit&quot;:&quot;px&quot;,&quot;size&quot;:&quot;&quot;,&quot;sizes&quot;:[]}}\" data-widget_type=\"image-carousel.default\">\n\t\t\t\t<div class=\"elementor-widget-container\">\n\t\t\t\t\t\t\t<div class=\"elementor-image-carousel-wrapper swiper\" role=\"region\" aria-roledescription=\"carousel\" aria-label=\"Carrossel de imagens\" dir=\"ltr\">\n\t\t\t<div class=\"elementor-image-carousel swiper-wrapper swiper-image-stretch\" aria-live=\"off\">\n\t\t\t\t\t\t\t\t<div class=\"swiper-slide\" role=\"group\" aria-roledescription=\"slide\" aria-label=\"1 de 5\"><a data-elementor-open-lightbox=\"yes\" data-elementor-lightbox-slideshow=\"2980125\" data-elementor-lightbox-title=\"WhatsApp Image 2025-09-05 at 10.35.05 (2)\" data-e-action-hash=\"#elementor-action%3Aaction%3Dlightbox%26settings%3DeyJpZCI6NzgzNywidXJsIjoiaHR0cHM6XC9cL2VzY29sYXZpbGEuY29tLmJyXC93cC1jb250ZW50XC91cGxvYWRzXC8yMDI1XC8wOVwvV2hhdHNBcHAtSW1hZ2UtMjAyNS0wOS0wNS1hdC0xMC4zNS4wNS0yLmpwZWciLCJzbGlkZXNob3ciOiIyOTgwMTI1In0%3D\" href=\"https:\/\/escolavila.com.br\/wp-content\/uploads\/2025\/09\/WhatsApp-Image-2025-09-05-at-10.35.05-2.jpeg\"><figure class=\"swiper-slide-inner\"><img decoding=\"async\" class=\"swiper-slide-image\" src=\"https:\/\/escolavila.com.br\/wp-content\/uploads\/elementor\/thumbs\/WhatsApp-Image-2025-09-05-at-10.35.05-2-rbb8p75jqfhwab5aemjgovdatsye8il97d34dmli14.jpeg\" alt=\"WhatsApp Image 2025-09-05 at 10.35.05 (2)\" \/><\/figure><\/a><\/div><div class=\"swiper-slide\" role=\"group\" aria-roledescription=\"slide\" aria-label=\"2 de 5\"><a data-elementor-open-lightbox=\"yes\" data-elementor-lightbox-slideshow=\"2980125\" data-elementor-lightbox-title=\"WhatsApp Image 2025-09-05 at 10.35.05 (1)\" data-e-action-hash=\"#elementor-action%3Aaction%3Dlightbox%26settings%3DeyJpZCI6NzgzOCwidXJsIjoiaHR0cHM6XC9cL2VzY29sYXZpbGEuY29tLmJyXC93cC1jb250ZW50XC91cGxvYWRzXC8yMDI1XC8wOVwvV2hhdHNBcHAtSW1hZ2UtMjAyNS0wOS0wNS1hdC0xMC4zNS4wNS0xLmpwZWciLCJzbGlkZXNob3ciOiIyOTgwMTI1In0%3D\" href=\"https:\/\/escolavila.com.br\/wp-content\/uploads\/2025\/09\/WhatsApp-Image-2025-09-05-at-10.35.05-1.jpeg\"><figure class=\"swiper-slide-inner\"><img decoding=\"async\" class=\"swiper-slide-image\" src=\"https:\/\/escolavila.com.br\/wp-content\/uploads\/elementor\/thumbs\/WhatsApp-Image-2025-09-05-at-10.35.05-1-rbb8p83dx9j6lx3x94y39d4rf6trg7ozjhqluwk3uw.jpeg\" alt=\"WhatsApp Image 2025-09-05 at 10.35.05 (1)\" \/><\/figure><\/a><\/div><div class=\"swiper-slide\" role=\"group\" aria-roledescription=\"slide\" aria-label=\"3 de 5\"><a data-elementor-open-lightbox=\"yes\" data-elementor-lightbox-slideshow=\"2980125\" data-elementor-lightbox-title=\"WhatsApp Image 2025-09-05 at 10.35.05\" data-e-action-hash=\"#elementor-action%3Aaction%3Dlightbox%26settings%3DeyJpZCI6NzgzOSwidXJsIjoiaHR0cHM6XC9cL2VzY29sYXZpbGEuY29tLmJyXC93cC1jb250ZW50XC91cGxvYWRzXC8yMDI1XC8wOVwvV2hhdHNBcHAtSW1hZ2UtMjAyNS0wOS0wNS1hdC0xMC4zNS4wNS5qcGVnIiwic2xpZGVzaG93IjoiMjk4MDEyNSJ9\" href=\"https:\/\/escolavila.com.br\/wp-content\/uploads\/2025\/09\/WhatsApp-Image-2025-09-05-at-10.35.05.jpeg\"><figure class=\"swiper-slide-inner\"><img decoding=\"async\" class=\"swiper-slide-image\" src=\"https:\/\/escolavila.com.br\/wp-content\/uploads\/elementor\/thumbs\/WhatsApp-Image-2025-09-05-at-10.35.05-rbb8p91843kgxj2k3ncptuw80kp4nwspvme3c6ipoo.jpeg\" alt=\"WhatsApp Image 2025-09-05 at 10.35.05\" \/><\/figure><\/a><\/div><div class=\"swiper-slide\" role=\"group\" aria-roledescription=\"slide\" aria-label=\"4 de 5\"><a data-elementor-open-lightbox=\"yes\" data-elementor-lightbox-slideshow=\"2980125\" data-elementor-lightbox-title=\"WhatsApp Image 2025-09-05 at 10.35.04 (1)\" data-e-action-hash=\"#elementor-action%3Aaction%3Dlightbox%26settings%3DeyJpZCI6Nzg0MCwidXJsIjoiaHR0cHM6XC9cL2VzY29sYXZpbGEuY29tLmJyXC93cC1jb250ZW50XC91cGxvYWRzXC8yMDI1XC8wOVwvV2hhdHNBcHAtSW1hZ2UtMjAyNS0wOS0wNS1hdC0xMC4zNS4wNC0xLmpwZWciLCJzbGlkZXNob3ciOiIyOTgwMTI1In0%3D\" href=\"https:\/\/escolavila.com.br\/wp-content\/uploads\/2025\/09\/WhatsApp-Image-2025-09-05-at-10.35.04-1.jpeg\"><figure class=\"swiper-slide-inner\"><img decoding=\"async\" class=\"swiper-slide-image\" src=\"https:\/\/escolavila.com.br\/wp-content\/uploads\/elementor\/thumbs\/WhatsApp-Image-2025-09-05-at-10.35.04-1-rbb8p9z2axlr9516y5rcecnolykhvlwg7r1ktghbig.jpeg\" alt=\"WhatsApp Image 2025-09-05 at 10.35.04 (1)\" \/><\/figure><\/a><\/div><div class=\"swiper-slide\" role=\"group\" aria-roledescription=\"slide\" aria-label=\"5 de 5\"><a data-elementor-open-lightbox=\"yes\" data-elementor-lightbox-slideshow=\"2980125\" data-elementor-lightbox-title=\"WhatsApp Image 2025-09-05 at 10.35.04\" data-e-action-hash=\"#elementor-action%3Aaction%3Dlightbox%26settings%3DeyJpZCI6Nzg0MSwidXJsIjoiaHR0cHM6XC9cL2VzY29sYXZpbGEuY29tLmJyXC93cC1jb250ZW50XC91cGxvYWRzXC8yMDI1XC8wOVwvV2hhdHNBcHAtSW1hZ2UtMjAyNS0wOS0wNS1hdC0xMC4zNS4wNC5qcGVnIiwic2xpZGVzaG93IjoiMjk4MDEyNSJ9\" href=\"https:\/\/escolavila.com.br\/wp-content\/uploads\/2025\/09\/WhatsApp-Image-2025-09-05-at-10.35.04.jpeg\"><figure class=\"swiper-slide-inner\"><img decoding=\"async\" class=\"swiper-slide-image\" src=\"https:\/\/escolavila.com.br\/wp-content\/uploads\/elementor\/thumbs\/WhatsApp-Image-2025-09-05-at-10.35.04-rbb8pawwhrn1kqztso5yyuf57cfv3b06jvp2aqfxc8.jpeg\" alt=\"WhatsApp Image 2025-09-05 at 10.35.04\" \/><\/figure><\/a><\/div>\t\t\t<\/div>\n\t\t\t\t\t\t\t\t\t\t\t\t<div class=\"elementor-swiper-button elementor-swiper-button-prev\" role=\"button\" tabindex=\"0\">\n\t\t\t\t\t\t<svg aria-hidden=\"true\" class=\"e-font-icon-svg e-eicon-chevron-left\" viewBox=\"0 0 1000 1000\" xmlns=\"http:\/\/www.w3.org\/2000\/svg\"><path d=\"M646 125C629 125 613 133 604 142L308 442C296 454 292 471 292 487 292 504 296 521 308 533L604 854C617 867 629 875 646 875 663 875 679 871 692 858 704 846 713 829 713 812 713 796 708 779 692 767L438 487 692 225C700 217 708 204 708 187 708 171 704 154 692 142 675 129 663 125 646 125Z\"><\/path><\/svg>\t\t\t\t\t<\/div>\n\t\t\t\t\t<div class=\"elementor-swiper-button elementor-swiper-button-next\" role=\"button\" tabindex=\"0\">\n\t\t\t\t\t\t<svg aria-hidden=\"true\" class=\"e-font-icon-svg e-eicon-chevron-right\" viewBox=\"0 0 1000 1000\" xmlns=\"http:\/\/www.w3.org\/2000\/svg\"><path d=\"M696 533C708 521 713 504 713 487 713 471 708 454 696 446L400 146C388 133 375 125 354 125 338 125 325 129 313 142 300 154 292 171 292 187 292 204 296 221 308 233L563 492 304 771C292 783 288 800 288 817 288 833 296 850 308 863 321 871 338 875 354 875 371 875 388 867 400 854L696 533Z\"><\/path><\/svg>\t\t\t\t\t<\/div>\n\t\t\t\t\n\t\t\t\t\t\t\t\t\t<div class=\"swiper-pagination\"><\/div>\n\t\t\t\t\t\t\t\t\t<\/div>\n\t\t\t\t\t\t<\/div>\n\t\t\t\t<\/div>\n\t\t\t\t<\/div>\n\t\t\t\t<\/div>\n\t\t\t\t<\/div>\n\t\t","protected":false},"excerpt":{"rendered":"<p>Passeios dos Projetos De acordo com o tema de cada projeto, A Cole\u00e7\u00e3o Cuidando do Planeta Terra prop\u00f5ecomo uma das tarefas, visitas \u00e0s institui\u00e7\u00f5es de idosos, creches comunit\u00e1rias, \u00e1reas depreserva\u00e7\u00f5es, parques, dunas, comunidades ind\u00edgenas e quilombolas. Nestes locais os estudantes t\u00eam a oportunidade de conhecer novos espa\u00e7os da sua cidade e a realidade das pessoas em outro contexto social. Os estudantes pesquisam e fazem entrevistas. Depois do passeio, devem apresentar para sua turma o que descobriram e aprenderam nas visitas.<\/p>\n","protected":false},"author":4,"featured_media":0,"parent":0,"menu_order":0,"comment_status":"closed","ping_status":"closed","template":"elementor_canvas","meta":{"_acf_changed":false,"footnotes":""},"class_list":["post-6995","page","type-page","status-publish","hentry"],"acf":[],"_links":{"self":[{"href":"https:\/\/escolavila.com.br\/index.php\/wp-json\/wp\/v2\/pages\/6995","targetHints":{"allow":["GET"]}}],"collection":[{"href":"https:\/\/escolavila.com.br\/index.php\/wp-json\/wp\/v2\/pages"}],"about":[{"href":"https:\/\/escolavila.com.br\/index.php\/wp-json\/wp\/v2\/types\/page"}],"author":[{"embeddable":true,"href":"https:\/\/escolavila.com.br\/index.php\/wp-json\/wp\/v2\/users\/4"}],"replies":[{"embeddable":true,"href":"https:\/\/escolavila.com.br\/index.php\/wp-json\/wp\/v2\/comments?post=6995"}],"version-history":[{"count":13,"href":"https:\/\/escolavila.com.br\/index.php\/wp-json\/wp\/v2\/pages\/6995\/revisions"}],"predecessor-version":[{"id":7844,"href":"https:\/\/escolavila.com.br\/index.php\/wp-json\/wp\/v2\/pages\/6995\/revisions\/7844"}],"wp:attachment":[{"href":"https:\/\/escolavila.com.br\/index.php\/wp-json\/wp\/v2\/media?parent=6995"}],"curies":[{"name":"wp","href":"https:\/\/api.w.org\/{rel}","templated":true}]}}