{"id":7058,"date":"2025-09-01T17:57:54","date_gmt":"2025-09-01T17:57:54","guid":{"rendered":"https:\/\/escolavila.com.br\/?page_id=7058"},"modified":"2025-09-03T14:12:22","modified_gmt":"2025-09-03T14:12:22","slug":"viagens","status":"publish","type":"page","link":"https:\/\/escolavila.com.br\/index.php\/viagens\/","title":{"rendered":"\u2014 Viagens"},"content":{"rendered":"\t\t<div data-elementor-type=\"wp-page\" data-elementor-id=\"7058\" class=\"elementor elementor-7058\" data-elementor-settings=\"{&quot;ha_cmc_init_switcher&quot;:&quot;no&quot;}\" data-elementor-post-type=\"page\">\n\t\t\t\t<div class=\"elementor-element elementor-element-1b606f09 e-con-full e-flex wpr-particle-no wpr-jarallax-no wpr-parallax-no wpr-sticky-section-no e-con e-parent\" data-id=\"1b606f09\" data-element_type=\"container\" data-settings=\"{&quot;background_background&quot;:&quot;classic&quot;,&quot;_ha_eqh_enable&quot;:false}\">\n\t\t\t\t<\/div>\n\t\t<div class=\"elementor-element elementor-element-0b8e166 e-flex e-con-boxed wpr-particle-no wpr-jarallax-no wpr-parallax-no wpr-sticky-section-no e-con e-parent\" data-id=\"0b8e166\" data-element_type=\"container\" data-settings=\"{&quot;background_background&quot;:&quot;classic&quot;,&quot;_ha_eqh_enable&quot;:false}\">\n\t\t\t\t\t<div class=\"e-con-inner\">\n\t\t<div class=\"elementor-element elementor-element-354b98f e-con-full e-flex wpr-particle-no wpr-jarallax-no wpr-parallax-no wpr-sticky-section-no e-con e-child\" data-id=\"354b98f\" data-element_type=\"container\" data-settings=\"{&quot;_ha_eqh_enable&quot;:false}\">\n\t\t<div class=\"elementor-element elementor-element-f9304fc e-con-full e-flex wpr-particle-no wpr-jarallax-no wpr-parallax-no wpr-sticky-section-no e-con e-child\" data-id=\"f9304fc\" data-element_type=\"container\" data-settings=\"{&quot;_ha_eqh_enable&quot;:false}\">\n\t\t\t\t<div class=\"elementor-element elementor-element-0aedac2 exad-sticky-section-no exad-glass-effect-no elementor-widget elementor-widget-heading\" data-id=\"0aedac2\" data-element_type=\"widget\" data-widget_type=\"heading.default\">\n\t\t\t\t<div class=\"elementor-widget-container\">\n\t\t\t\t\t<span class=\"elementor-heading-title elementor-size-default\">Viagens<\/span>\t\t\t\t<\/div>\n\t\t\t\t<\/div>\n\t\t\t\t<\/div>\n\t\t\t\t<\/div>\n\t\t\t\t<div class=\"elementor-element elementor-element-a95a231 elementor-widget__width-initial elementor-widget-mobile__width-inherit exad-sticky-section-no exad-glass-effect-no elementor-widget elementor-widget-text-editor\" data-id=\"a95a231\" data-element_type=\"widget\" data-widget_type=\"text-editor.default\">\n\t\t\t\t<div class=\"elementor-widget-container\">\n\t\t\t\t\t\t\t\t\t<p>As viagens s\u00e3o realizadas anualmente com o objetivo de integrar os estudantes, estimular a autonomia e a responsabilidade de vivenciar momentos sem a fam\u00edlia.<\/p><p>As viagens s\u00e3o aulas de campo, onde se vivencia e aprende sobre a regi\u00e3o geogr\u00e1fica, econ\u00f4mica e cultural de cada cidade visitada.<\/p>\t\t\t\t\t\t\t\t<\/div>\n\t\t\t\t<\/div>\n\t\t\t\t\t<\/div>\n\t\t\t\t<\/div>\n\t\t<div class=\"elementor-element elementor-element-cd07f35 e-con-full manifestacao e-flex wpr-particle-no wpr-jarallax-no wpr-parallax-no wpr-sticky-section-no e-con e-child\" data-id=\"cd07f35\" data-element_type=\"container\" id=\"manifestacao\" data-settings=\"{&quot;background_background&quot;:&quot;classic&quot;,&quot;_ha_eqh_enable&quot;:false}\">\n\t\t\t\t<div class=\"elementor-element elementor-element-b3fa284 elementor-widget__width-initial elementor-arrows-position-outside elementor-pagination-position-outside exad-sticky-section-no exad-glass-effect-no elementor-widget elementor-widget-image-carousel\" data-id=\"b3fa284\" data-element_type=\"widget\" data-settings=\"{&quot;slides_to_show&quot;:&quot;4&quot;,&quot;slides_to_scroll&quot;:&quot;4&quot;,&quot;navigation&quot;:&quot;both&quot;,&quot;autoplay&quot;:&quot;yes&quot;,&quot;pause_on_hover&quot;:&quot;yes&quot;,&quot;pause_on_interaction&quot;:&quot;yes&quot;,&quot;autoplay_speed&quot;:5000,&quot;infinite&quot;:&quot;yes&quot;,&quot;speed&quot;:500,&quot;image_spacing_custom&quot;:{&quot;unit&quot;:&quot;px&quot;,&quot;size&quot;:20,&quot;sizes&quot;:[]},&quot;image_spacing_custom_tablet&quot;:{&quot;unit&quot;:&quot;px&quot;,&quot;size&quot;:&quot;&quot;,&quot;sizes&quot;:[]},&quot;image_spacing_custom_mobile&quot;:{&quot;unit&quot;:&quot;px&quot;,&quot;size&quot;:&quot;&quot;,&quot;sizes&quot;:[]}}\" data-widget_type=\"image-carousel.default\">\n\t\t\t\t<div class=\"elementor-widget-container\">\n\t\t\t\t\t\t\t<div class=\"elementor-image-carousel-wrapper swiper\" role=\"region\" aria-roledescription=\"carousel\" aria-label=\"Carrossel de imagens\" dir=\"ltr\">\n\t\t\t<div class=\"elementor-image-carousel swiper-wrapper swiper-image-stretch\" aria-live=\"off\">\n\t\t\t\t\t\t\t\t<div class=\"swiper-slide\" role=\"group\" aria-roledescription=\"slide\" aria-label=\"1 de 14\"><a data-elementor-open-lightbox=\"yes\" data-elementor-lightbox-slideshow=\"b3fa284\" data-elementor-lightbox-title=\"33127475_922177851288391_4525336791863001088_n\" data-e-action-hash=\"#elementor-action%3Aaction%3Dlightbox%26settings%3DeyJpZCI6NzI2OSwidXJsIjoiaHR0cHM6XC9cL2VzY29sYXZpbGEuY29tLmJyXC93cC1jb250ZW50XC91cGxvYWRzXC8yMDI1XC8wOVwvMzMxMjc0NzVfOTIyMTc3ODUxMjg4MzkxXzQ1MjUzMzY3OTE4NjMwMDEwODhfbi5qcGciLCJzbGlkZXNob3ciOiJiM2ZhMjg0In0%3D\" href=\"https:\/\/escolavila.com.br\/wp-content\/uploads\/2025\/09\/33127475_922177851288391_4525336791863001088_n.jpg\"><figure class=\"swiper-slide-inner\"><img decoding=\"async\" class=\"swiper-slide-image\" src=\"https:\/\/escolavila.com.br\/wp-content\/uploads\/elementor\/thumbs\/33127475_922177851288391_4525336791863001088_n-rb7s63srsmharf38is8mi5wyrdjua10ri41o3tq2ko.jpg\" alt=\"33127475_922177851288391_4525336791863001088_n\" \/><\/figure><\/a><\/div><div class=\"swiper-slide\" role=\"group\" aria-roledescription=\"slide\" aria-label=\"2 de 14\"><a data-elementor-open-lightbox=\"yes\" data-elementor-lightbox-slideshow=\"b3fa284\" data-elementor-lightbox-title=\"33077935_922178067955036_456192828972728320_n\" data-e-action-hash=\"#elementor-action%3Aaction%3Dlightbox%26settings%3DeyJpZCI6NzI3MCwidXJsIjoiaHR0cHM6XC9cL2VzY29sYXZpbGEuY29tLmJyXC93cC1jb250ZW50XC91cGxvYWRzXC8yMDI1XC8wOVwvMzMwNzc5MzVfOTIyMTc4MDY3OTU1MDM2XzQ1NjE5MjgyODk3MjcyODMyMF9uLmpwZyIsInNsaWRlc2hvdyI6ImIzZmEyODQifQ%3D%3D\" href=\"https:\/\/escolavila.com.br\/wp-content\/uploads\/2025\/09\/33077935_922178067955036_456192828972728320_n.jpg\"><figure class=\"swiper-slide-inner\"><img decoding=\"async\" class=\"swiper-slide-image\" src=\"https:\/\/escolavila.com.br\/wp-content\/uploads\/elementor\/thumbs\/33077935_922178067955036_456192828972728320_n-rb7s64qlzgil311vdan92nofcrf7hq4hu8p5l3ooeg.jpg\" alt=\"33077935_922178067955036_456192828972728320_n\" \/><\/figure><\/a><\/div><div class=\"swiper-slide\" role=\"group\" aria-roledescription=\"slide\" aria-label=\"3 de 14\"><a data-elementor-open-lightbox=\"yes\" data-elementor-lightbox-slideshow=\"b3fa284\" data-elementor-lightbox-title=\"33076244_922174674622042_6097845050459291648_n\" data-e-action-hash=\"#elementor-action%3Aaction%3Dlightbox%26settings%3DeyJpZCI6NzI2NywidXJsIjoiaHR0cHM6XC9cL2VzY29sYXZpbGEuY29tLmJyXC93cC1jb250ZW50XC91cGxvYWRzXC8yMDI1XC8wOVwvMzMwNzYyNDRfOTIyMTc0Njc0NjIyMDQyXzYwOTc4NDUwNTA0NTkyOTE2NDhfbi5qcGciLCJzbGlkZXNob3ciOiJiM2ZhMjg0In0%3D\" href=\"https:\/\/escolavila.com.br\/wp-content\/uploads\/2025\/09\/33076244_922174674622042_6097845050459291648_n.jpg\"><figure class=\"swiper-slide-inner\"><img decoding=\"async\" class=\"swiper-slide-image\" src=\"https:\/\/escolavila.com.br\/wp-content\/uploads\/elementor\/thumbs\/33076244_922174674622042_6097845050459291648_n-rb7s61x3eyeq475ytrfdd6e1klt3umtatuqp59sux4.jpg\" alt=\"33076244_922174674622042_6097845050459291648_n\" \/><\/figure><\/a><\/div><div class=\"swiper-slide\" role=\"group\" aria-roledescription=\"slide\" aria-label=\"4 de 14\"><a data-elementor-open-lightbox=\"yes\" data-elementor-lightbox-slideshow=\"b3fa284\" data-elementor-lightbox-title=\"33127464_922174537955389_747995673021906944_n\" data-e-action-hash=\"#elementor-action%3Aaction%3Dlightbox%26settings%3DeyJpZCI6NzI2NiwidXJsIjoiaHR0cHM6XC9cL2VzY29sYXZpbGEuY29tLmJyXC93cC1jb250ZW50XC91cGxvYWRzXC8yMDI1XC8wOVwvMzMxMjc0NjRfOTIyMTc0NTM3OTU1Mzg5Xzc0Nzk5NTY3MzAyMTkwNjk0NF9uLmpwZyIsInNsaWRlc2hvdyI6ImIzZmEyODQifQ%3D%3D\" href=\"https:\/\/escolavila.com.br\/wp-content\/uploads\/2025\/09\/33127464_922174537955389_747995673021906944_n.jpg\"><figure class=\"swiper-slide-inner\"><img decoding=\"async\" class=\"swiper-slide-image\" src=\"https:\/\/escolavila.com.br\/wp-content\/uploads\/elementor\/thumbs\/33127464_922174537955389_747995673021906944_n-rb7s60z984dfsl7bz90qsomkz7xqmxpkhq37nzu93c.jpg\" alt=\"33127464_922174537955389_747995673021906944_n\" \/><\/figure><\/a><\/div><div class=\"swiper-slide\" role=\"group\" aria-roledescription=\"slide\" aria-label=\"5 de 14\"><a data-elementor-open-lightbox=\"yes\" data-elementor-lightbox-slideshow=\"b3fa284\" data-elementor-lightbox-title=\"33216321_922175747955268_109200647307395072_n\" data-e-action-hash=\"#elementor-action%3Aaction%3Dlightbox%26settings%3DeyJpZCI6NzI2OCwidXJsIjoiaHR0cHM6XC9cL2VzY29sYXZpbGEuY29tLmJyXC93cC1jb250ZW50XC91cGxvYWRzXC8yMDI1XC8wOVwvMzMyMTYzMjFfOTIyMTc1NzQ3OTU1MjY4XzEwOTIwMDY0NzMwNzM5NTA3Ml9uLmpwZyIsInNsaWRlc2hvdyI6ImIzZmEyODQifQ%3D%3D\" href=\"https:\/\/escolavila.com.br\/wp-content\/uploads\/2025\/09\/33216321_922175747955268_109200647307395072_n.jpg\"><figure class=\"swiper-slide-inner\"><img decoding=\"async\" class=\"swiper-slide-image\" src=\"https:\/\/escolavila.com.br\/wp-content\/uploads\/elementor\/thumbs\/33216321_922175747955268_109200647307395072_n-rb7s62uxlsg0ft4lo9tzxo5i5zoh2bx15ze6mjrgqw.jpg\" alt=\"33216321_922175747955268_109200647307395072_n\" \/><\/figure><\/a><\/div><div class=\"swiper-slide\" role=\"group\" aria-roledescription=\"slide\" aria-label=\"6 de 14\"><a data-elementor-open-lightbox=\"yes\" data-elementor-lightbox-slideshow=\"b3fa284\" data-elementor-lightbox-title=\"33077447_922175881288588_1992907418534674432_n\" data-e-action-hash=\"#elementor-action%3Aaction%3Dlightbox%26settings%3DeyJpZCI6NzI2NSwidXJsIjoiaHR0cHM6XC9cL2VzY29sYXZpbGEuY29tLmJyXC93cC1jb250ZW50XC91cGxvYWRzXC8yMDI1XC8wOVwvMzMwNzc0NDdfOTIyMTc1ODgxMjg4NTg4XzE5OTI5MDc0MTg1MzQ2NzQ0MzJfbi5qcGciLCJzbGlkZXNob3ciOiJiM2ZhMjg0In0%3D\" href=\"https:\/\/escolavila.com.br\/wp-content\/uploads\/2025\/09\/33077447_922175881288588_1992907418534674432_n.jpg\"><figure class=\"swiper-slide-inner\"><img decoding=\"async\" class=\"swiper-slide-image\" src=\"https:\/\/escolavila.com.br\/wp-content\/uploads\/elementor\/thumbs\/33077447_922175881288588_1992907418534674432_n-rb7s601f1ac5gz8p4qm486v4du2df8lu5lfq6pvn9k.jpg\" alt=\"33077447_922175881288588_1992907418534674432_n\" \/><\/figure><\/a><\/div><div class=\"swiper-slide\" role=\"group\" aria-roledescription=\"slide\" aria-label=\"7 de 14\"><a data-elementor-open-lightbox=\"yes\" data-elementor-lightbox-slideshow=\"b3fa284\" data-elementor-lightbox-title=\"504710639_2937037739802382_4255607972370311697_n\" data-e-action-hash=\"#elementor-action%3Aaction%3Dlightbox%26settings%3DeyJpZCI6NzI2MywidXJsIjoiaHR0cHM6XC9cL2VzY29sYXZpbGEuY29tLmJyXC93cC1jb250ZW50XC91cGxvYWRzXC8yMDI1XC8wOVwvNTA0NzEwNjM5XzI5MzcwMzc3Mzk4MDIzODJfNDI1NTYwNzk3MjM3MDMxMTY5N19uLmpwZyIsInNsaWRlc2hvdyI6ImIzZmEyODQifQ%3D%3D\" href=\"https:\/\/escolavila.com.br\/wp-content\/uploads\/2025\/09\/504710639_2937037739802382_4255607972370311697_n.jpg\"><figure class=\"swiper-slide-inner\"><img decoding=\"async\" class=\"swiper-slide-image\" src=\"https:\/\/escolavila.com.br\/wp-content\/uploads\/elementor\/thumbs\/504710639_2937037739802382_4255607972370311697_n-rb7s5z3kugav5da2a87hnp3nsg707ji3tgs8pfx1fs.jpg\" alt=\"504710639_2937037739802382_4255607972370311697_n\" \/><\/figure><\/a><\/div><div class=\"swiper-slide\" role=\"group\" aria-roledescription=\"slide\" aria-label=\"8 de 14\"><a data-elementor-open-lightbox=\"yes\" data-elementor-lightbox-slideshow=\"b3fa284\" data-elementor-lightbox-title=\"504636151_2937037559802400_3584554187040065244_n\" data-e-action-hash=\"#elementor-action%3Aaction%3Dlightbox%26settings%3DeyJpZCI6NzI2MiwidXJsIjoiaHR0cHM6XC9cL2VzY29sYXZpbGEuY29tLmJyXC93cC1jb250ZW50XC91cGxvYWRzXC8yMDI1XC8wOVwvNTA0NjM2MTUxXzI5MzcwMzc1NTk4MDI0MDBfMzU4NDU1NDE4NzA0MDA2NTI0NF9uLmpwZyIsInNsaWRlc2hvdyI6ImIzZmEyODQifQ%3D%3D\" href=\"https:\/\/escolavila.com.br\/wp-content\/uploads\/2025\/09\/504636151_2937037559802400_3584554187040065244_n.jpg\"><figure class=\"swiper-slide-inner\"><img decoding=\"async\" class=\"swiper-slide-image\" src=\"https:\/\/escolavila.com.br\/wp-content\/uploads\/elementor\/thumbs\/504636151_2937037559802400_3584554187040065244_n-rb7s5z3kugav5da2a87hnp3nsg707ji3tgs8pfx1fs.jpg\" alt=\"504636151_2937037559802400_3584554187040065244_n\" \/><\/figure><\/a><\/div><div class=\"swiper-slide\" role=\"group\" aria-roledescription=\"slide\" aria-label=\"9 de 14\"><a data-elementor-open-lightbox=\"yes\" data-elementor-lightbox-slideshow=\"b3fa284\" data-elementor-lightbox-title=\"504775719_2937037766469046_3209221888092922525_n\" data-e-action-hash=\"#elementor-action%3Aaction%3Dlightbox%26settings%3DeyJpZCI6NzI2NCwidXJsIjoiaHR0cHM6XC9cL2VzY29sYXZpbGEuY29tLmJyXC93cC1jb250ZW50XC91cGxvYWRzXC8yMDI1XC8wOVwvNTA0Nzc1NzE5XzI5MzcwMzc3NjY0NjkwNDZfMzIwOTIyMTg4ODA5MjkyMjUyNV9uLmpwZyIsInNsaWRlc2hvdyI6ImIzZmEyODQifQ%3D%3D\" href=\"https:\/\/escolavila.com.br\/wp-content\/uploads\/2025\/09\/504775719_2937037766469046_3209221888092922525_n.jpg\"><figure class=\"swiper-slide-inner\"><img decoding=\"async\" class=\"swiper-slide-image\" src=\"https:\/\/escolavila.com.br\/wp-content\/uploads\/elementor\/thumbs\/504775719_2937037766469046_3209221888092922525_n-rb7s601f1ac5gz8p4qm486v4du2df8lu5lfq6pvn9k.jpg\" alt=\"504775719_2937037766469046_3209221888092922525_n\" \/><\/figure><\/a><\/div><div class=\"swiper-slide\" role=\"group\" aria-roledescription=\"slide\" aria-label=\"10 de 14\"><a data-elementor-open-lightbox=\"yes\" data-elementor-lightbox-slideshow=\"b3fa284\" data-elementor-lightbox-title=\"alunos vila 095\" data-e-action-hash=\"#elementor-action%3Aaction%3Dlightbox%26settings%3DeyJpZCI6NzI3NSwidXJsIjoiaHR0cHM6XC9cL2VzY29sYXZpbGEuY29tLmJyXC93cC1jb250ZW50XC91cGxvYWRzXC8yMDI1XC8wOVwvYWx1bm9zLXZpbGEtMDk1LXNjYWxlZC5qcGciLCJzbGlkZXNob3ciOiJiM2ZhMjg0In0%3D\" href=\"https:\/\/escolavila.com.br\/wp-content\/uploads\/2025\/09\/alunos-vila-095-scaled.jpg\"><figure class=\"swiper-slide-inner\"><img decoding=\"async\" class=\"swiper-slide-image\" src=\"https:\/\/escolavila.com.br\/wp-content\/uploads\/elementor\/thumbs\/alunos-vila-095-scaled-rb7skoapq6faptxdg2yg5hk68dqnl4uzi82lw84e4o.jpg\" alt=\"alunos vila 095\" \/><\/figure><\/a><\/div><div class=\"swiper-slide\" role=\"group\" aria-roledescription=\"slide\" aria-label=\"11 de 14\"><a data-elementor-open-lightbox=\"yes\" data-elementor-lightbox-slideshow=\"b3fa284\" data-elementor-lightbox-title=\"IMG_0779\" data-e-action-hash=\"#elementor-action%3Aaction%3Dlightbox%26settings%3DeyJpZCI6NzI3NiwidXJsIjoiaHR0cHM6XC9cL2VzY29sYXZpbGEuY29tLmJyXC93cC1jb250ZW50XC91cGxvYWRzXC8yMDI1XC8wOVwvSU1HXzA3NzkuanBnIiwic2xpZGVzaG93IjoiYjNmYTI4NCJ9\" href=\"https:\/\/escolavila.com.br\/wp-content\/uploads\/2025\/09\/IMG_0779.jpg\"><figure class=\"swiper-slide-inner\"><img decoding=\"async\" class=\"swiper-slide-image\" src=\"https:\/\/escolavila.com.br\/wp-content\/uploads\/elementor\/thumbs\/IMG_0779-rb7slem71jfbqwv56ec03ax2v64xknrgxuc7bz1dag.jpg\" alt=\"IMG_0779\" \/><\/figure><\/a><\/div><div class=\"swiper-slide\" role=\"group\" aria-roledescription=\"slide\" aria-label=\"12 de 14\"><a data-elementor-open-lightbox=\"yes\" data-elementor-lightbox-slideshow=\"b3fa284\" data-elementor-lightbox-title=\"Natal 116\" data-e-action-hash=\"#elementor-action%3Aaction%3Dlightbox%26settings%3DeyJpZCI6NzI3OCwidXJsIjoiaHR0cHM6XC9cL2VzY29sYXZpbGEuY29tLmJyXC93cC1jb250ZW50XC91cGxvYWRzXC8yMDI1XC8wOVwvTmF0YWwtMTE2LXNjYWxlZC5qcGciLCJzbGlkZXNob3ciOiJiM2ZhMjg0In0%3D\" href=\"https:\/\/escolavila.com.br\/wp-content\/uploads\/2025\/09\/Natal-116-scaled.jpg\"><figure class=\"swiper-slide-inner\"><img decoding=\"async\" class=\"swiper-slide-image\" src=\"https:\/\/escolavila.com.br\/wp-content\/uploads\/elementor\/thumbs\/Natal-116-scaled-rb7slpw9bjurm8ercj7ix82lzslc5108ze613akn7s.jpg\" alt=\"Natal 116\" \/><\/figure><\/a><\/div><div class=\"swiper-slide\" role=\"group\" aria-roledescription=\"slide\" aria-label=\"13 de 14\"><a data-elementor-open-lightbox=\"yes\" data-elementor-lightbox-slideshow=\"b3fa284\" data-elementor-lightbox-title=\"Natal 124\" data-e-action-hash=\"#elementor-action%3Aaction%3Dlightbox%26settings%3DeyJpZCI6NzI3OSwidXJsIjoiaHR0cHM6XC9cL2VzY29sYXZpbGEuY29tLmJyXC93cC1jb250ZW50XC91cGxvYWRzXC8yMDI1XC8wOVwvTmF0YWwtMTI0LXNjYWxlZC5qcGciLCJzbGlkZXNob3ciOiJiM2ZhMjg0In0%3D\" href=\"https:\/\/escolavila.com.br\/wp-content\/uploads\/2025\/09\/Natal-124-scaled.jpg\"><figure class=\"swiper-slide-inner\"><img decoding=\"async\" class=\"swiper-slide-image\" src=\"https:\/\/escolavila.com.br\/wp-content\/uploads\/elementor\/thumbs\/Natal-124-scaled-rb7sltnm2vzwwo9aqku1774gdc2sztf6bwrz0ef2iw.jpg\" alt=\"Natal 124\" \/><\/figure><\/a><\/div><div class=\"swiper-slide\" role=\"group\" aria-roledescription=\"slide\" aria-label=\"14 de 14\"><a data-elementor-open-lightbox=\"yes\" data-elementor-lightbox-slideshow=\"b3fa284\" data-elementor-lightbox-title=\"IMG_0793\" data-e-action-hash=\"#elementor-action%3Aaction%3Dlightbox%26settings%3DeyJpZCI6NzI4MCwidXJsIjoiaHR0cHM6XC9cL2VzY29sYXZpbGEuY29tLmJyXC93cC1jb250ZW50XC91cGxvYWRzXC8yMDI1XC8wOVwvSU1HXzA3OTMuanBnIiwic2xpZGVzaG93IjoiYjNmYTI4NCJ9\" href=\"https:\/\/escolavila.com.br\/wp-content\/uploads\/2025\/09\/IMG_0793.jpg\"><figure class=\"swiper-slide-inner\"><img decoding=\"async\" class=\"swiper-slide-image\" src=\"https:\/\/escolavila.com.br\/wp-content\/uploads\/elementor\/thumbs\/IMG_0793-rb7slzan7w7muc13tn9sm5p7xnb0a01kcoovw26phk.jpg\" alt=\"IMG_0793\" \/><\/figure><\/a><\/div>\t\t\t<\/div>\n\t\t\t\t\t\t\t\t\t\t\t\t<div class=\"elementor-swiper-button elementor-swiper-button-prev\" role=\"button\" tabindex=\"0\">\n\t\t\t\t\t\t<svg aria-hidden=\"true\" class=\"e-font-icon-svg e-eicon-chevron-left\" viewBox=\"0 0 1000 1000\" xmlns=\"http:\/\/www.w3.org\/2000\/svg\"><path d=\"M646 125C629 125 613 133 604 142L308 442C296 454 292 471 292 487 292 504 296 521 308 533L604 854C617 867 629 875 646 875 663 875 679 871 692 858 704 846 713 829 713 812 713 796 708 779 692 767L438 487 692 225C700 217 708 204 708 187 708 171 704 154 692 142 675 129 663 125 646 125Z\"><\/path><\/svg>\t\t\t\t\t<\/div>\n\t\t\t\t\t<div class=\"elementor-swiper-button elementor-swiper-button-next\" role=\"button\" tabindex=\"0\">\n\t\t\t\t\t\t<svg aria-hidden=\"true\" class=\"e-font-icon-svg e-eicon-chevron-right\" viewBox=\"0 0 1000 1000\" xmlns=\"http:\/\/www.w3.org\/2000\/svg\"><path d=\"M696 533C708 521 713 504 713 487 713 471 708 454 696 446L400 146C388 133 375 125 354 125 338 125 325 129 313 142 300 154 292 171 292 187 292 204 296 221 308 233L563 492 304 771C292 783 288 800 288 817 288 833 296 850 308 863 321 871 338 875 354 875 371 875 388 867 400 854L696 533Z\"><\/path><\/svg>\t\t\t\t\t<\/div>\n\t\t\t\t\n\t\t\t\t\t\t\t\t\t<div class=\"swiper-pagination\"><\/div>\n\t\t\t\t\t\t\t\t\t<\/div>\n\t\t\t\t\t\t<\/div>\n\t\t\t\t<\/div>\n\t\t\t\t<\/div>\n\t\t\t\t<\/div>\n\t\t","protected":false},"excerpt":{"rendered":"<p>Viagens As viagens s\u00e3o realizadas anualmente com o objetivo de integrar os estudantes, estimular a autonomia e a responsabilidade de vivenciar momentos sem a fam\u00edlia. As viagens s\u00e3o aulas de campo, onde se vivencia e aprende sobre a regi\u00e3o geogr\u00e1fica, econ\u00f4mica e cultural de cada cidade visitada.<\/p>\n","protected":false},"author":4,"featured_media":0,"parent":0,"menu_order":0,"comment_status":"closed","ping_status":"closed","template":"elementor_canvas","meta":{"_acf_changed":false,"footnotes":""},"class_list":["post-7058","page","type-page","status-publish","hentry"],"acf":[],"_links":{"self":[{"href":"https:\/\/escolavila.com.br\/index.php\/wp-json\/wp\/v2\/pages\/7058","targetHints":{"allow":["GET"]}}],"collection":[{"href":"https:\/\/escolavila.com.br\/index.php\/wp-json\/wp\/v2\/pages"}],"about":[{"href":"https:\/\/escolavila.com.br\/index.php\/wp-json\/wp\/v2\/types\/page"}],"author":[{"embeddable":true,"href":"https:\/\/escolavila.com.br\/index.php\/wp-json\/wp\/v2\/users\/4"}],"replies":[{"embeddable":true,"href":"https:\/\/escolavila.com.br\/index.php\/wp-json\/wp\/v2\/comments?post=7058"}],"version-history":[{"count":10,"href":"https:\/\/escolavila.com.br\/index.php\/wp-json\/wp\/v2\/pages\/7058\/revisions"}],"predecessor-version":[{"id":7283,"href":"https:\/\/escolavila.com.br\/index.php\/wp-json\/wp\/v2\/pages\/7058\/revisions\/7283"}],"wp:attachment":[{"href":"https:\/\/escolavila.com.br\/index.php\/wp-json\/wp\/v2\/media?parent=7058"}],"curies":[{"name":"wp","href":"https:\/\/api.w.org\/{rel}","templated":true}]}}